{"id":263,"date":"2025-02-13T09:36:42","date_gmt":"2025-02-13T08:36:42","guid":{"rendered":"https:\/\/laylaschmidvonarx.ovh\/?post_type=product&#038;p=263"},"modified":"2025-06-17T03:39:05","modified_gmt":"2025-06-17T01:39:05","slug":"julienas-2022","status":"publish","type":"product","link":"https:\/\/laylaschmidvonarx.ovh\/index.php\/produit\/julienas-2022\/","title":{"rendered":"Juli\u00e9nas 2022"},"content":{"rendered":"<div class=\"flex max-w-full flex-col flex-grow\">\n<div class=\"min-h-8 text-message flex w-full flex-col items-end gap-2 whitespace-normal break-words text-start [.text-message+&amp;]:mt-5\" dir=\"auto\" data-message-author-role=\"assistant\" data-message-id=\"5a2d1f65-646b-4c44-97d3-ea0112749574\" data-message-model-slug=\"gpt-4o\">\n<div class=\"flex w-full flex-col gap-1 empty:hidden first:pt-[3px]\">\n<div class=\"markdown prose w-full break-words dark:prose-invert dark\">\n<p data-start=\"0\" data-end=\"57\"><strong data-start=\"0\" data-end=\"52\">Juli\u00e9nas AOP 2022 \u2013 Un Mill\u00e9sime G\u00e9n\u00e9reux et \u00c9l\u00e9gant<\/strong> \ud83c\udf77<\/p>\n<p data-start=\"59\" data-end=\"385\">Le <strong data-start=\"62\" data-end=\"79\">Juli\u00e9nas 2022<\/strong> incarne \u00e0 merveille l\u2019expression du Gamay noir \u00e0 jus blanc, offrant un vin gourmand et structur\u00e9. Ce mill\u00e9sime se distingue par sa robe <strong data-start=\"216\" data-end=\"239\">rouge rubis intense<\/strong>, son <strong data-start=\"245\" data-end=\"262\">nez expressif<\/strong> aux ar\u00f4mes de fruits rouges m\u00fbrs (cerise, framboise) et de fleurs (pivoine, violette), avec une subtile touche d\u2019\u00e9pices.<\/p>\n<p data-start=\"387\" data-end=\"526\">En bouche, il d\u00e9voile une belle <strong data-start=\"419\" data-end=\"430\">ampleur<\/strong>, des tanins souples et une <strong data-start=\"458\" data-end=\"482\">fra\u00eecheur \u00e9quilibr\u00e9e<\/strong>, offrant une finale longue et savoureuse.<\/p>\n<h3 data-start=\"528\" data-end=\"557\"><strong data-start=\"532\" data-end=\"555\">Accords Mets &amp; Vins<\/strong><\/h3>\n<p data-start=\"558\" data-end=\"695\">\ud83c\udf56 Viandes blanches et grillades<br data-start=\"590\" data-end=\"593\" \/>\ud83e\udd58 Plats en sauce (b\u0153uf bourguignon, coq au vin)<br data-start=\"641\" data-end=\"644\" \/>\ud83e\uddc0 Fromages affin\u00e9s<br data-start=\"663\" data-end=\"666\" \/>\ud83c\udf77 Charcuteries artisanales<\/p>\n<h3 data-start=\"697\" data-end=\"730\"><strong data-start=\"701\" data-end=\"728\">Conseils de D\u00e9gustation<\/strong><\/h3>\n<p data-start=\"731\" data-end=\"798\">\ud83c\udf21 <strong data-start=\"734\" data-end=\"760\">Temp\u00e9rature de service<\/strong> : 14-16\u00b0C<br data-start=\"770\" data-end=\"773\" \/>\u23f3 <strong data-start=\"775\" data-end=\"784\">Garde<\/strong> : 5 \u00e0 7 ans<\/p>\n<p data-start=\"800\" data-end=\"896\" data-is-last-node=\"\">Un mill\u00e9sime <strong data-start=\"813\" data-end=\"837\">raffin\u00e9 et convivial<\/strong>, parfait pour sublimer vos repas et moments de partage ! \u2728<\/p>\n<\/div>\n<\/div>\n<\/div>\n<\/div>\n","protected":false},"excerpt":{"rendered":"<p data-start=\"0\" data-end=\"57\"><strong data-start=\"0\" data-end=\"52\">Juli\u00e9nas 2022 \u2013 Un Mill\u00e9sime \u00c9l\u00e9gant et Gourmand<\/strong> \ud83c\udf77<\/p>\n<p data-start=\"59\" data-end=\"359\" data-is-last-node=\"\">Ce Juli\u00e9nas 2022 s\u00e9duit par ses <strong data-start=\"91\" data-end=\"123\">ar\u00f4mes de fruits rouges m\u00fbrs<\/strong>, ses notes florales et \u00e9pic\u00e9es. Ample et \u00e9quilibr\u00e9, il offre des tanins souples et une belle fra\u00eecheur. Id\u00e9al avec <strong data-start=\"239\" data-end=\"278\">viandes, plats en sauce et fromages<\/strong>. \u00c0 d\u00e9guster entre <strong data-start=\"297\" data-end=\"311\">14 et 16\u00b0C<\/strong>, avec un potentiel de garde de <strong data-start=\"343\" data-end=\"356\">5 \u00e0 7 ans<\/strong>. \u2728<\/p>\n","protected":false},"featured_media":264,"comment_status":"open","ping_status":"closed","template":"","meta":{"site-sidebar-layout":"default","site-content-layout":"","ast-site-content-layout":"default","site-content-style":"default","site-sidebar-style":"default","ast-global-header-display":"","ast-banner-title-visibility":"","ast-main-header-display":"","ast-hfb-above-header-display":"","ast-hfb-below-header-display":"","ast-hfb-mobile-header-display":"","site-post-title":"","ast-breadcrumbs-content":"","ast-featured-img":"","footer-sml-layout":"","theme-transparent-header-meta":"default","adv-header-id-meta":"","stick-header-meta":"","header-above-stick-meta":"","header-main-stick-meta":"","header-below-stick-meta":"","astra-migrate-meta-layouts":"set","ast-page-background-enabled":"default","ast-page-background-meta":{"desktop":{"background-color":"var(--ast-global-color-5)","background-image":"","background-repeat":"repeat","background-position":"center center","background-size":"auto","background-attachment":"scroll","background-type":"","background-media":"","overlay-type":"","overlay-color":"","overlay-opacity":"","overlay-gradient":""},"tablet":{"background-color":"","background-image":"","background-repeat":"repeat","background-position":"center center","background-size":"auto","background-attachment":"scroll","background-type":"","background-media":"","overlay-type":"","overlay-color":"","overlay-opacity":"","overlay-gradient":""},"mobile":{"background-color":"","background-image":"","background-repeat":"repeat","background-position":"center center","background-size":"auto","background-attachment":"scroll","background-type":"","background-media":"","overlay-type":"","overlay-color":"","overlay-opacity":"","overlay-gradient":""}},"ast-content-background-meta":{"desktop":{"background-color":"var(--ast-global-color-4)","background-image":"","background-repeat":"repeat","background-position":"center center","background-size":"auto","background-attachment":"scroll","background-type":"","background-media":"","overlay-type":"","overlay-color":"","overlay-opacity":"","overlay-gradient":""},"tablet":{"background-color":"var(--ast-global-color-4)","background-image":"","background-repeat":"repeat","background-position":"center center","background-size":"auto","background-attachment":"scroll","background-type":"","background-media":"","overlay-type":"","overlay-color":"","overlay-opacity":"","overlay-gradient":""},"mobile":{"background-color":"var(--ast-global-color-4)","background-image":"","background-repeat":"repeat","background-position":"center center","background-size":"auto","background-attachment":"scroll","background-type":"","background-media":"","overlay-type":"","overlay-color":"","overlay-opacity":"","overlay-gradient":""}}},"product_brand":[20],"product_cat":[23],"product_tag":[],"class_list":{"0":"post-263","1":"product","2":"type-product","3":"status-publish","4":"has-post-thumbnail","6":"product_brand-arx-wine","7":"product_cat-vins-rouges","8":"desktop-align-left","9":"tablet-align-left","10":"mobile-align-left","12":"first","13":"instock","14":"shipping-taxable","15":"purchasable","16":"product-type-simple"},"yoast_head":"<!-- This site is optimized with the Yoast SEO plugin v24.4 - https:\/\/yoast.com\/wordpress\/plugins\/seo\/ -->\n<title>Juli\u00e9nas 2022 -<\/title>\n<meta name=\"description\" content=\"D\u00e9couvrez le Juli\u00e9nas 2022, un vin rouge \u00e9l\u00e9gant aux ar\u00f4mes de fruits rouges et d\u2019\u00e9pices. Vin authentique du Beaujolais chez ARX WINE\" \/>\n<meta name=\"robots\" content=\"index, follow, max-snippet:-1, max-image-preview:large, max-video-preview:-1\" \/>\n<link rel=\"canonical\" href=\"https:\/\/laylaschmidvonarx.ovh\/index.php\/produit\/julienas-2022\/\" \/>\n<meta property=\"og:locale\" content=\"en_US\" \/>\n<meta property=\"og:type\" content=\"article\" \/>\n<meta property=\"og:title\" content=\"Juli\u00e9nas 2022 -\" \/>\n<meta property=\"og:description\" content=\"D\u00e9couvrez le Juli\u00e9nas 2022, un vin rouge \u00e9l\u00e9gant aux ar\u00f4mes de fruits rouges et d\u2019\u00e9pices. Vin authentique du Beaujolais chez ARX WINE\" \/>\n<meta property=\"og:url\" content=\"https:\/\/laylaschmidvonarx.ovh\/index.php\/produit\/julienas-2022\/\" \/>\n<meta property=\"article:modified_time\" content=\"2025-06-17T01:39:05+00:00\" \/>\n<meta property=\"og:image\" content=\"http:\/\/laylaschmidvonarx.ovh\/wp-content\/uploads\/2025\/02\/julienas22.png\" \/>\n\t<meta property=\"og:image:width\" content=\"600\" \/>\n\t<meta property=\"og:image:height\" content=\"600\" \/>\n\t<meta property=\"og:image:type\" content=\"image\/png\" \/>\n<meta name=\"twitter:card\" content=\"summary_large_image\" \/>\n<meta name=\"twitter:label1\" content=\"Est. reading time\" \/>\n\t<meta name=\"twitter:data1\" content=\"1 minute\" \/>\n<script type=\"application\/ld+json\" class=\"yoast-schema-graph\">{\"@context\":\"https:\/\/schema.org\",\"@graph\":[{\"@type\":\"WebPage\",\"@id\":\"https:\/\/laylaschmidvonarx.ovh\/index.php\/produit\/julienas-2022\/\",\"url\":\"https:\/\/laylaschmidvonarx.ovh\/index.php\/produit\/julienas-2022\/\",\"name\":\"Juli\u00e9nas 2022 -\",\"isPartOf\":{\"@id\":\"https:\/\/laylaschmidvonarx.ovh\/#website\"},\"primaryImageOfPage\":{\"@id\":\"https:\/\/laylaschmidvonarx.ovh\/index.php\/produit\/julienas-2022\/#primaryimage\"},\"image\":{\"@id\":\"https:\/\/laylaschmidvonarx.ovh\/index.php\/produit\/julienas-2022\/#primaryimage\"},\"thumbnailUrl\":\"https:\/\/laylaschmidvonarx.ovh\/wp-content\/uploads\/2025\/02\/julienas22.png\",\"datePublished\":\"2025-02-13T08:36:42+00:00\",\"dateModified\":\"2025-06-17T01:39:05+00:00\",\"description\":\"D\u00e9couvrez le Juli\u00e9nas 2022, un vin rouge \u00e9l\u00e9gant aux ar\u00f4mes de fruits rouges et d\u2019\u00e9pices. Vin authentique du Beaujolais chez ARX WINE\",\"breadcrumb\":{\"@id\":\"https:\/\/laylaschmidvonarx.ovh\/index.php\/produit\/julienas-2022\/#breadcrumb\"},\"inLanguage\":\"en-US\",\"potentialAction\":[{\"@type\":\"ReadAction\",\"target\":[\"https:\/\/laylaschmidvonarx.ovh\/index.php\/produit\/julienas-2022\/\"]}]},{\"@type\":\"ImageObject\",\"inLanguage\":\"en-US\",\"@id\":\"https:\/\/laylaschmidvonarx.ovh\/index.php\/produit\/julienas-2022\/#primaryimage\",\"url\":\"https:\/\/laylaschmidvonarx.ovh\/wp-content\/uploads\/2025\/02\/julienas22.png\",\"contentUrl\":\"https:\/\/laylaschmidvonarx.ovh\/wp-content\/uploads\/2025\/02\/julienas22.png\",\"width\":600,\"height\":600},{\"@type\":\"BreadcrumbList\",\"@id\":\"https:\/\/laylaschmidvonarx.ovh\/index.php\/produit\/julienas-2022\/#breadcrumb\",\"itemListElement\":[{\"@type\":\"ListItem\",\"position\":1,\"name\":\"Accueil\",\"item\":\"https:\/\/laylaschmidvonarx.ovh\/\"},{\"@type\":\"ListItem\",\"position\":2,\"name\":\"Boutique\",\"item\":\"https:\/\/laylaschmidvonarx.ovh\/index.php\/boutique\/\"},{\"@type\":\"ListItem\",\"position\":3,\"name\":\"Juli\u00e9nas 2022\"}]},{\"@type\":\"WebSite\",\"@id\":\"https:\/\/laylaschmidvonarx.ovh\/#website\",\"url\":\"https:\/\/laylaschmidvonarx.ovh\/\",\"name\":\"\",\"description\":\"Vins de Bourgogne \",\"potentialAction\":[{\"@type\":\"SearchAction\",\"target\":{\"@type\":\"EntryPoint\",\"urlTemplate\":\"https:\/\/laylaschmidvonarx.ovh\/?s={search_term_string}\"},\"query-input\":{\"@type\":\"PropertyValueSpecification\",\"valueRequired\":true,\"valueName\":\"search_term_string\"}}],\"inLanguage\":\"en-US\"}]}<\/script>\n<!-- \/ Yoast SEO plugin. -->","yoast_head_json":{"title":"Juli\u00e9nas 2022 -","description":"D\u00e9couvrez le Juli\u00e9nas 2022, un vin rouge \u00e9l\u00e9gant aux ar\u00f4mes de fruits rouges et d\u2019\u00e9pices. Vin authentique du Beaujolais chez ARX WINE","robots":{"index":"index","follow":"follow","max-snippet":"max-snippet:-1","max-image-preview":"max-image-preview:large","max-video-preview":"max-video-preview:-1"},"canonical":"https:\/\/laylaschmidvonarx.ovh\/index.php\/produit\/julienas-2022\/","og_locale":"en_US","og_type":"article","og_title":"Juli\u00e9nas 2022 -","og_description":"D\u00e9couvrez le Juli\u00e9nas 2022, un vin rouge \u00e9l\u00e9gant aux ar\u00f4mes de fruits rouges et d\u2019\u00e9pices. Vin authentique du Beaujolais chez ARX WINE","og_url":"https:\/\/laylaschmidvonarx.ovh\/index.php\/produit\/julienas-2022\/","article_modified_time":"2025-06-17T01:39:05+00:00","og_image":[{"width":600,"height":600,"url":"http:\/\/laylaschmidvonarx.ovh\/wp-content\/uploads\/2025\/02\/julienas22.png","type":"image\/png"}],"twitter_card":"summary_large_image","twitter_misc":{"Est. reading time":"1 minute"},"schema":{"@context":"https:\/\/schema.org","@graph":[{"@type":"WebPage","@id":"https:\/\/laylaschmidvonarx.ovh\/index.php\/produit\/julienas-2022\/","url":"https:\/\/laylaschmidvonarx.ovh\/index.php\/produit\/julienas-2022\/","name":"Juli\u00e9nas 2022 -","isPartOf":{"@id":"https:\/\/laylaschmidvonarx.ovh\/#website"},"primaryImageOfPage":{"@id":"https:\/\/laylaschmidvonarx.ovh\/index.php\/produit\/julienas-2022\/#primaryimage"},"image":{"@id":"https:\/\/laylaschmidvonarx.ovh\/index.php\/produit\/julienas-2022\/#primaryimage"},"thumbnailUrl":"https:\/\/laylaschmidvonarx.ovh\/wp-content\/uploads\/2025\/02\/julienas22.png","datePublished":"2025-02-13T08:36:42+00:00","dateModified":"2025-06-17T01:39:05+00:00","description":"D\u00e9couvrez le Juli\u00e9nas 2022, un vin rouge \u00e9l\u00e9gant aux ar\u00f4mes de fruits rouges et d\u2019\u00e9pices. Vin authentique du Beaujolais chez ARX WINE","breadcrumb":{"@id":"https:\/\/laylaschmidvonarx.ovh\/index.php\/produit\/julienas-2022\/#breadcrumb"},"inLanguage":"en-US","potentialAction":[{"@type":"ReadAction","target":["https:\/\/laylaschmidvonarx.ovh\/index.php\/produit\/julienas-2022\/"]}]},{"@type":"ImageObject","inLanguage":"en-US","@id":"https:\/\/laylaschmidvonarx.ovh\/index.php\/produit\/julienas-2022\/#primaryimage","url":"https:\/\/laylaschmidvonarx.ovh\/wp-content\/uploads\/2025\/02\/julienas22.png","contentUrl":"https:\/\/laylaschmidvonarx.ovh\/wp-content\/uploads\/2025\/02\/julienas22.png","width":600,"height":600},{"@type":"BreadcrumbList","@id":"https:\/\/laylaschmidvonarx.ovh\/index.php\/produit\/julienas-2022\/#breadcrumb","itemListElement":[{"@type":"ListItem","position":1,"name":"Accueil","item":"https:\/\/laylaschmidvonarx.ovh\/"},{"@type":"ListItem","position":2,"name":"Boutique","item":"https:\/\/laylaschmidvonarx.ovh\/index.php\/boutique\/"},{"@type":"ListItem","position":3,"name":"Juli\u00e9nas 2022"}]},{"@type":"WebSite","@id":"https:\/\/laylaschmidvonarx.ovh\/#website","url":"https:\/\/laylaschmidvonarx.ovh\/","name":"","description":"Vins de Bourgogne ","potentialAction":[{"@type":"SearchAction","target":{"@type":"EntryPoint","urlTemplate":"https:\/\/laylaschmidvonarx.ovh\/?s={search_term_string}"},"query-input":{"@type":"PropertyValueSpecification","valueRequired":true,"valueName":"search_term_string"}}],"inLanguage":"en-US"}]}},"_links":{"self":[{"href":"https:\/\/laylaschmidvonarx.ovh\/index.php\/wp-json\/wp\/v2\/product\/263","targetHints":{"allow":["GET"]}}],"collection":[{"href":"https:\/\/laylaschmidvonarx.ovh\/index.php\/wp-json\/wp\/v2\/product"}],"about":[{"href":"https:\/\/laylaschmidvonarx.ovh\/index.php\/wp-json\/wp\/v2\/types\/product"}],"replies":[{"embeddable":true,"href":"https:\/\/laylaschmidvonarx.ovh\/index.php\/wp-json\/wp\/v2\/comments?post=263"}],"wp:featuredmedia":[{"embeddable":true,"href":"https:\/\/laylaschmidvonarx.ovh\/index.php\/wp-json\/wp\/v2\/media\/264"}],"wp:attachment":[{"href":"https:\/\/laylaschmidvonarx.ovh\/index.php\/wp-json\/wp\/v2\/media?parent=263"}],"wp:term":[{"taxonomy":"product_brand","embeddable":true,"href":"https:\/\/laylaschmidvonarx.ovh\/index.php\/wp-json\/wp\/v2\/product_brand?post=263"},{"taxonomy":"product_cat","embeddable":true,"href":"https:\/\/laylaschmidvonarx.ovh\/index.php\/wp-json\/wp\/v2\/product_cat?post=263"},{"taxonomy":"product_tag","embeddable":true,"href":"https:\/\/laylaschmidvonarx.ovh\/index.php\/wp-json\/wp\/v2\/product_tag?post=263"}],"curies":[{"name":"wp","href":"https:\/\/api.w.org\/{rel}","templated":true}]}}