{"id":261,"date":"2025-02-13T09:31:07","date_gmt":"2025-02-13T08:31:07","guid":{"rendered":"https:\/\/laylaschmidvonarx.ovh\/?post_type=product&#038;p=261"},"modified":"2025-02-13T09:32:02","modified_gmt":"2025-02-13T08:32:02","slug":"julienas-2021","status":"publish","type":"product","link":"https:\/\/laylaschmidvonarx.ovh\/index.php\/produit\/julienas-2021\/","title":{"rendered":"Juli\u00e9nas 2021"},"content":{"rendered":"<div class=\"flex max-w-full flex-col flex-grow\">\n<div class=\"min-h-8 text-message flex w-full flex-col items-end gap-2 whitespace-normal break-words text-start [.text-message+&amp;]:mt-5\" dir=\"auto\" data-message-author-role=\"assistant\" data-message-id=\"3c98b9bd-a5dc-4d68-b879-aa27f0671d00\" data-message-model-slug=\"gpt-4o\">\n<div class=\"flex w-full flex-col gap-1 empty:hidden first:pt-[3px]\">\n<div class=\"markdown prose w-full break-words dark:prose-invert dark\">\n<p data-start=\"0\" data-end=\"48\"><strong data-start=\"0\" data-end=\"43\">Juli\u00e9nas AOP \u2013 L\u2019\u00c9l\u00e9gance du Beaujolais<\/strong> \ud83c\udf77<\/p>\n<p data-start=\"50\" data-end=\"256\">D\u00e9couvrez le <strong data-start=\"63\" data-end=\"75\">Juli\u00e9nas<\/strong>, un vin rouge d\u2019exception issu du c\u00e9page <strong data-start=\"117\" data-end=\"143\">Gamay<\/strong>. Ce cru du Beaujolais s\u00e9duit par sa richesse aromatique et son \u00e9quilibre parfait entre fra\u00eecheur et structure.<\/p>\n<h3 data-start=\"258\" data-end=\"284\"><strong data-start=\"262\" data-end=\"282\">Caract\u00e9ristiques<\/strong><\/h3>\n<p data-start=\"285\" data-end=\"611\">\u2714 <strong data-start=\"287\" data-end=\"302\">Appellation<\/strong> : Juli\u00e9nas AOP<br data-start=\"317\" data-end=\"320\" \/>\u2714 <strong data-start=\"322\" data-end=\"332\">C\u00e9page<\/strong> : Gamay noir \u00e0 jus blanc<br data-start=\"357\" data-end=\"360\" \/>\u2714 <b>Mill\u00e9sime\u00a0<\/b>: 2021<br data-start=\"405\" data-end=\"408\" \/>\u2714 <strong data-start=\"410\" data-end=\"417\">Nez<\/strong> : Ar\u00f4mes intenses de fruits rouges (cerise, framboise), notes florales (pivoine) et touches \u00e9pic\u00e9es<br data-start=\"517\" data-end=\"520\" \/>\u2714 <strong data-start=\"522\" data-end=\"532\">Bouche<\/strong> : Ample et gourmande, avec des tanins soyeux et une belle longueur en bouche<\/p>\n<h3 data-start=\"613\" data-end=\"642\"><strong data-start=\"617\" data-end=\"640\">Accords Mets &amp; Vins<\/strong><\/h3>\n<p data-start=\"643\" data-end=\"829\">Id\u00e9al pour accompagner :<br data-start=\"667\" data-end=\"670\" \/>\ud83c\udf56 Viandes blanches et rouges (volaille r\u00f4tie, filet mignon)<br data-start=\"730\" data-end=\"733\" \/>\ud83e\udd58 Plats en sauce (b\u0153uf bourguignon, coq au vin)<br data-start=\"781\" data-end=\"784\" \/>\ud83e\uddc0 Fromages affin\u00e9s<br data-start=\"803\" data-end=\"806\" \/>\ud83c\udf77 Charcuteries fines<\/p>\n<h3 data-start=\"831\" data-end=\"864\"><strong data-start=\"835\" data-end=\"862\">Conseils de D\u00e9gustation<\/strong><\/h3>\n<p data-start=\"865\" data-end=\"945\">\ud83c\udf21 <strong data-start=\"868\" data-end=\"894\">Temp\u00e9rature de service<\/strong> : 14-16\u00b0C<br data-start=\"904\" data-end=\"907\" \/>\u23f3 <strong data-start=\"909\" data-end=\"931\">Potentiel de garde<\/strong> : 5 \u00e0 7 ans<\/p>\n<p data-start=\"947\" data-end=\"1112\" data-is-last-node=\"\">Offrez-vous une exp\u00e9rience sensorielle unique avec ce vin raffin\u00e9 et convivial. <strong data-start=\"1027\" data-end=\"1108\">Commandez d\u00e8s maintenant et laissez-vous s\u00e9duire par l\u2019\u00e9l\u00e9gance du Juli\u00e9nas !<\/strong><\/p>\n<\/div>\n<\/div>\n<\/div>\n<\/div>\n","protected":false},"excerpt":{"rendered":"<p data-start=\"0\" data-end=\"48\"><strong data-start=\"0\" data-end=\"43\">Juli\u00e9nas 2021 AOP \u2013 L\u2019\u00c9l\u00e9gance du Beaujolais<\/strong><\/p>\n<p data-start=\"50\" data-end=\"366\" data-is-last-node=\"\">Ce vin rouge issu du <strong data-start=\"71\" data-end=\"97\">Gamay<\/strong>\u00a0s\u00e9duit par ses ar\u00f4mes de fruits rouges, ses notes florales et \u00e9pic\u00e9es. Ample et structur\u00e9, il accompagne parfaitement viandes, plats en sauce et fromages. \u00c0 d\u00e9guster entre <strong data-start=\"270\" data-end=\"284\">14 et 16\u00b0C<\/strong>, avec un potentiel de garde de <strong data-start=\"316\" data-end=\"329\">5 \u00e0 7 ans<\/strong>. <strong data-start=\"331\" data-end=\"364\">Un cru raffin\u00e9 et convivial !<\/strong><\/p>\n","protected":false},"featured_media":262,"comment_status":"open","ping_status":"closed","template":"","meta":{"site-sidebar-layout":"default","site-content-layout":"","ast-site-content-layout":"default","site-content-style":"default","site-sidebar-style":"default","ast-global-header-display":"","ast-banner-title-visibility":"","ast-main-header-display":"","ast-hfb-above-header-display":"","ast-hfb-below-header-display":"","ast-hfb-mobile-header-display":"","site-post-title":"","ast-breadcrumbs-content":"","ast-featured-img":"","footer-sml-layout":"","theme-transparent-header-meta":"default","adv-header-id-meta":"","stick-header-meta":"","header-above-stick-meta":"","header-main-stick-meta":"","header-below-stick-meta":"","astra-migrate-meta-layouts":"set","ast-page-background-enabled":"default","ast-page-background-meta":{"desktop":{"background-color":"var(--ast-global-color-5)","background-image":"","background-repeat":"repeat","background-position":"center center","background-size":"auto","background-attachment":"scroll","background-type":"","background-media":"","overlay-type":"","overlay-color":"","overlay-opacity":"","overlay-gradient":""},"tablet":{"background-color":"","background-image":"","background-repeat":"repeat","background-position":"center center","background-size":"auto","background-attachment":"scroll","background-type":"","background-media":"","overlay-type":"","overlay-color":"","overlay-opacity":"","overlay-gradient":""},"mobile":{"background-color":"","background-image":"","background-repeat":"repeat","background-position":"center center","background-size":"auto","background-attachment":"scroll","background-type":"","background-media":"","overlay-type":"","overlay-color":"","overlay-opacity":"","overlay-gradient":""}},"ast-content-background-meta":{"desktop":{"background-color":"var(--ast-global-color-4)","background-image":"","background-repeat":"repeat","background-position":"center center","background-size":"auto","background-attachment":"scroll","background-type":"","background-media":"","overlay-type":"","overlay-color":"","overlay-opacity":"","overlay-gradient":""},"tablet":{"background-color":"var(--ast-global-color-4)","background-image":"","background-repeat":"repeat","background-position":"center center","background-size":"auto","background-attachment":"scroll","background-type":"","background-media":"","overlay-type":"","overlay-color":"","overlay-opacity":"","overlay-gradient":""},"mobile":{"background-color":"var(--ast-global-color-4)","background-image":"","background-repeat":"repeat","background-position":"center center","background-size":"auto","background-attachment":"scroll","background-type":"","background-media":"","overlay-type":"","overlay-color":"","overlay-opacity":"","overlay-gradient":""}}},"product_brand":[20],"product_cat":[23],"product_tag":[],"class_list":{"0":"post-261","1":"product","2":"type-product","3":"status-publish","4":"has-post-thumbnail","6":"product_brand-arx-wine","7":"product_cat-vins-rouges","8":"desktop-align-left","9":"tablet-align-left","10":"mobile-align-left","12":"first","13":"instock","14":"shipping-taxable","15":"purchasable","16":"product-type-simple"},"yoast_head":"<!-- This site is optimized with the Yoast SEO plugin v24.4 - https:\/\/yoast.com\/wordpress\/plugins\/seo\/ -->\n<title>Juli\u00e9nas 2021 -<\/title>\n<meta name=\"description\" content=\"D\u00e9couvrez le Juli\u00e9nas AOP 2021, un vin rouge \u00e9l\u00e9gant du Beaujolais aux ar\u00f4mes de fruits rouges et d&#039;\u00e9pices. Id\u00e9al avec viandes, plats en sauce et fromages.\" \/>\n<meta name=\"robots\" content=\"index, follow, max-snippet:-1, max-image-preview:large, max-video-preview:-1\" \/>\n<link rel=\"canonical\" href=\"https:\/\/laylaschmidvonarx.ovh\/index.php\/produit\/julienas-2021\/\" \/>\n<meta property=\"og:locale\" content=\"en_US\" \/>\n<meta property=\"og:type\" content=\"article\" \/>\n<meta property=\"og:title\" content=\"Juli\u00e9nas 2021 -\" \/>\n<meta property=\"og:description\" content=\"D\u00e9couvrez le Juli\u00e9nas AOP 2021, un vin rouge \u00e9l\u00e9gant du Beaujolais aux ar\u00f4mes de fruits rouges et d&#039;\u00e9pices. Id\u00e9al avec viandes, plats en sauce et fromages.\" \/>\n<meta property=\"og:url\" content=\"https:\/\/laylaschmidvonarx.ovh\/index.php\/produit\/julienas-2021\/\" \/>\n<meta property=\"article:modified_time\" content=\"2025-02-13T08:32:02+00:00\" \/>\n<meta property=\"og:image\" content=\"http:\/\/laylaschmidvonarx.ovh\/wp-content\/uploads\/2025\/02\/Julienas21.png\" \/>\n\t<meta property=\"og:image:width\" content=\"600\" \/>\n\t<meta property=\"og:image:height\" content=\"600\" \/>\n\t<meta property=\"og:image:type\" content=\"image\/png\" \/>\n<meta name=\"twitter:card\" content=\"summary_large_image\" \/>\n<meta name=\"twitter:label1\" content=\"Est. reading time\" \/>\n\t<meta name=\"twitter:data1\" content=\"1 minute\" \/>\n<script type=\"application\/ld+json\" class=\"yoast-schema-graph\">{\"@context\":\"https:\/\/schema.org\",\"@graph\":[{\"@type\":\"WebPage\",\"@id\":\"https:\/\/laylaschmidvonarx.ovh\/index.php\/produit\/julienas-2021\/\",\"url\":\"https:\/\/laylaschmidvonarx.ovh\/index.php\/produit\/julienas-2021\/\",\"name\":\"Juli\u00e9nas 2021 -\",\"isPartOf\":{\"@id\":\"https:\/\/laylaschmidvonarx.ovh\/#website\"},\"primaryImageOfPage\":{\"@id\":\"https:\/\/laylaschmidvonarx.ovh\/index.php\/produit\/julienas-2021\/#primaryimage\"},\"image\":{\"@id\":\"https:\/\/laylaschmidvonarx.ovh\/index.php\/produit\/julienas-2021\/#primaryimage\"},\"thumbnailUrl\":\"https:\/\/laylaschmidvonarx.ovh\/wp-content\/uploads\/2025\/02\/Julienas21.png\",\"datePublished\":\"2025-02-13T08:31:07+00:00\",\"dateModified\":\"2025-02-13T08:32:02+00:00\",\"description\":\"D\u00e9couvrez le Juli\u00e9nas AOP 2021, un vin rouge \u00e9l\u00e9gant du Beaujolais aux ar\u00f4mes de fruits rouges et d'\u00e9pices. Id\u00e9al avec viandes, plats en sauce et fromages.\",\"breadcrumb\":{\"@id\":\"https:\/\/laylaschmidvonarx.ovh\/index.php\/produit\/julienas-2021\/#breadcrumb\"},\"inLanguage\":\"en-US\",\"potentialAction\":[{\"@type\":\"ReadAction\",\"target\":[\"https:\/\/laylaschmidvonarx.ovh\/index.php\/produit\/julienas-2021\/\"]}]},{\"@type\":\"ImageObject\",\"inLanguage\":\"en-US\",\"@id\":\"https:\/\/laylaschmidvonarx.ovh\/index.php\/produit\/julienas-2021\/#primaryimage\",\"url\":\"https:\/\/laylaschmidvonarx.ovh\/wp-content\/uploads\/2025\/02\/Julienas21.png\",\"contentUrl\":\"https:\/\/laylaschmidvonarx.ovh\/wp-content\/uploads\/2025\/02\/Julienas21.png\",\"width\":600,\"height\":600},{\"@type\":\"BreadcrumbList\",\"@id\":\"https:\/\/laylaschmidvonarx.ovh\/index.php\/produit\/julienas-2021\/#breadcrumb\",\"itemListElement\":[{\"@type\":\"ListItem\",\"position\":1,\"name\":\"Accueil\",\"item\":\"https:\/\/laylaschmidvonarx.ovh\/\"},{\"@type\":\"ListItem\",\"position\":2,\"name\":\"Boutique\",\"item\":\"https:\/\/laylaschmidvonarx.ovh\/index.php\/boutique\/\"},{\"@type\":\"ListItem\",\"position\":3,\"name\":\"Juli\u00e9nas 2021\"}]},{\"@type\":\"WebSite\",\"@id\":\"https:\/\/laylaschmidvonarx.ovh\/#website\",\"url\":\"https:\/\/laylaschmidvonarx.ovh\/\",\"name\":\"\",\"description\":\"Vins de Bourgogne \",\"potentialAction\":[{\"@type\":\"SearchAction\",\"target\":{\"@type\":\"EntryPoint\",\"urlTemplate\":\"https:\/\/laylaschmidvonarx.ovh\/?s={search_term_string}\"},\"query-input\":{\"@type\":\"PropertyValueSpecification\",\"valueRequired\":true,\"valueName\":\"search_term_string\"}}],\"inLanguage\":\"en-US\"}]}<\/script>\n<!-- \/ Yoast SEO plugin. -->","yoast_head_json":{"title":"Juli\u00e9nas 2021 -","description":"D\u00e9couvrez le Juli\u00e9nas AOP 2021, un vin rouge \u00e9l\u00e9gant du Beaujolais aux ar\u00f4mes de fruits rouges et d'\u00e9pices. Id\u00e9al avec viandes, plats en sauce et fromages.","robots":{"index":"index","follow":"follow","max-snippet":"max-snippet:-1","max-image-preview":"max-image-preview:large","max-video-preview":"max-video-preview:-1"},"canonical":"https:\/\/laylaschmidvonarx.ovh\/index.php\/produit\/julienas-2021\/","og_locale":"en_US","og_type":"article","og_title":"Juli\u00e9nas 2021 -","og_description":"D\u00e9couvrez le Juli\u00e9nas AOP 2021, un vin rouge \u00e9l\u00e9gant du Beaujolais aux ar\u00f4mes de fruits rouges et d'\u00e9pices. Id\u00e9al avec viandes, plats en sauce et fromages.","og_url":"https:\/\/laylaschmidvonarx.ovh\/index.php\/produit\/julienas-2021\/","article_modified_time":"2025-02-13T08:32:02+00:00","og_image":[{"width":600,"height":600,"url":"http:\/\/laylaschmidvonarx.ovh\/wp-content\/uploads\/2025\/02\/Julienas21.png","type":"image\/png"}],"twitter_card":"summary_large_image","twitter_misc":{"Est. reading time":"1 minute"},"schema":{"@context":"https:\/\/schema.org","@graph":[{"@type":"WebPage","@id":"https:\/\/laylaschmidvonarx.ovh\/index.php\/produit\/julienas-2021\/","url":"https:\/\/laylaschmidvonarx.ovh\/index.php\/produit\/julienas-2021\/","name":"Juli\u00e9nas 2021 -","isPartOf":{"@id":"https:\/\/laylaschmidvonarx.ovh\/#website"},"primaryImageOfPage":{"@id":"https:\/\/laylaschmidvonarx.ovh\/index.php\/produit\/julienas-2021\/#primaryimage"},"image":{"@id":"https:\/\/laylaschmidvonarx.ovh\/index.php\/produit\/julienas-2021\/#primaryimage"},"thumbnailUrl":"https:\/\/laylaschmidvonarx.ovh\/wp-content\/uploads\/2025\/02\/Julienas21.png","datePublished":"2025-02-13T08:31:07+00:00","dateModified":"2025-02-13T08:32:02+00:00","description":"D\u00e9couvrez le Juli\u00e9nas AOP 2021, un vin rouge \u00e9l\u00e9gant du Beaujolais aux ar\u00f4mes de fruits rouges et d'\u00e9pices. Id\u00e9al avec viandes, plats en sauce et fromages.","breadcrumb":{"@id":"https:\/\/laylaschmidvonarx.ovh\/index.php\/produit\/julienas-2021\/#breadcrumb"},"inLanguage":"en-US","potentialAction":[{"@type":"ReadAction","target":["https:\/\/laylaschmidvonarx.ovh\/index.php\/produit\/julienas-2021\/"]}]},{"@type":"ImageObject","inLanguage":"en-US","@id":"https:\/\/laylaschmidvonarx.ovh\/index.php\/produit\/julienas-2021\/#primaryimage","url":"https:\/\/laylaschmidvonarx.ovh\/wp-content\/uploads\/2025\/02\/Julienas21.png","contentUrl":"https:\/\/laylaschmidvonarx.ovh\/wp-content\/uploads\/2025\/02\/Julienas21.png","width":600,"height":600},{"@type":"BreadcrumbList","@id":"https:\/\/laylaschmidvonarx.ovh\/index.php\/produit\/julienas-2021\/#breadcrumb","itemListElement":[{"@type":"ListItem","position":1,"name":"Accueil","item":"https:\/\/laylaschmidvonarx.ovh\/"},{"@type":"ListItem","position":2,"name":"Boutique","item":"https:\/\/laylaschmidvonarx.ovh\/index.php\/boutique\/"},{"@type":"ListItem","position":3,"name":"Juli\u00e9nas 2021"}]},{"@type":"WebSite","@id":"https:\/\/laylaschmidvonarx.ovh\/#website","url":"https:\/\/laylaschmidvonarx.ovh\/","name":"","description":"Vins de Bourgogne ","potentialAction":[{"@type":"SearchAction","target":{"@type":"EntryPoint","urlTemplate":"https:\/\/laylaschmidvonarx.ovh\/?s={search_term_string}"},"query-input":{"@type":"PropertyValueSpecification","valueRequired":true,"valueName":"search_term_string"}}],"inLanguage":"en-US"}]}},"_links":{"self":[{"href":"https:\/\/laylaschmidvonarx.ovh\/index.php\/wp-json\/wp\/v2\/product\/261","targetHints":{"allow":["GET"]}}],"collection":[{"href":"https:\/\/laylaschmidvonarx.ovh\/index.php\/wp-json\/wp\/v2\/product"}],"about":[{"href":"https:\/\/laylaschmidvonarx.ovh\/index.php\/wp-json\/wp\/v2\/types\/product"}],"replies":[{"embeddable":true,"href":"https:\/\/laylaschmidvonarx.ovh\/index.php\/wp-json\/wp\/v2\/comments?post=261"}],"wp:featuredmedia":[{"embeddable":true,"href":"https:\/\/laylaschmidvonarx.ovh\/index.php\/wp-json\/wp\/v2\/media\/262"}],"wp:attachment":[{"href":"https:\/\/laylaschmidvonarx.ovh\/index.php\/wp-json\/wp\/v2\/media?parent=261"}],"wp:term":[{"taxonomy":"product_brand","embeddable":true,"href":"https:\/\/laylaschmidvonarx.ovh\/index.php\/wp-json\/wp\/v2\/product_brand?post=261"},{"taxonomy":"product_cat","embeddable":true,"href":"https:\/\/laylaschmidvonarx.ovh\/index.php\/wp-json\/wp\/v2\/product_cat?post=261"},{"taxonomy":"product_tag","embeddable":true,"href":"https:\/\/laylaschmidvonarx.ovh\/index.php\/wp-json\/wp\/v2\/product_tag?post=261"}],"curies":[{"name":"wp","href":"https:\/\/api.w.org\/{rel}","templated":true}]}}