{"id":255,"date":"2025-02-12T12:51:59","date_gmt":"2025-02-12T11:51:59","guid":{"rendered":"https:\/\/laylaschmidvonarx.ovh\/?post_type=product&#038;p=255"},"modified":"2025-02-12T12:51:59","modified_gmt":"2025-02-12T11:51:59","slug":"macon","status":"publish","type":"product","link":"https:\/\/laylaschmidvonarx.ovh\/index.php\/produit\/macon\/","title":{"rendered":"M\u00e2con"},"content":{"rendered":"<p data-start=\"0\" data-end=\"25\"><strong data-start=\"0\" data-end=\"15\">M\u00e2con Gamay<\/strong> (75 cl)<\/p>\n<p data-start=\"27\" data-end=\"454\">Ce vin de <strong data-start=\"30\" data-end=\"45\">M\u00e2con, un Gamay <\/strong>qui s\u00e9duit par sa <strong data-start=\"60\" data-end=\"73\">fra\u00eecheur<\/strong> et ses <strong data-start=\"81\" data-end=\"108\">ar\u00f4mes de fruits rouges<\/strong> \u00e9clatants, avec des touches de <strong data-start=\"140\" data-end=\"153\">framboise<\/strong> et de <strong data-start=\"160\" data-end=\"170\">cassis<\/strong>. En bouche, il est <strong data-start=\"190\" data-end=\"200\">souple<\/strong>, l\u00e9g\u00e8rement <strong data-start=\"213\" data-end=\"225\">tannique<\/strong> et offre une belle <strong data-start=\"245\" data-end=\"257\">vivacit\u00e9<\/strong> qui lui donne une agr\u00e9able l\u00e9g\u00e8ret\u00e9. Id\u00e9al pour accompagner des <strong data-start=\"322\" data-end=\"341\">viandes l\u00e9g\u00e8res<\/strong>, des <strong data-start=\"347\" data-end=\"358\">salades<\/strong> ou des <strong data-start=\"366\" data-end=\"384\">fromages frais<\/strong>, ce vin est parfait pour un moment de convivialit\u00e9 et de fra\u00eecheur.<\/p>\n<p data-start=\"456\" data-end=\"649\" data-is-last-node=\"\"><strong data-start=\"456\" data-end=\"484\">Temp\u00e9rature de service :<\/strong> 10-12\u00b0C<br data-start=\"492\" data-end=\"495\" \/><strong data-start=\"495\" data-end=\"520\">Accords mets &amp; vins :<\/strong> Viandes l\u00e9g\u00e8res, salades, fromages frais<br data-start=\"561\" data-end=\"564\" \/><strong data-start=\"564\" data-end=\"575\">Garde :<\/strong> \u00c0 d\u00e9guster jeune, pour profiter de sa fra\u00eecheur et de ses ar\u00f4mes fruit\u00e9s.<\/p>\n","protected":false},"excerpt":{"rendered":"<p data-start=\"0\" data-end=\"25\"><strong data-start=\"0\" data-end=\"15\">M\u00e2con Gamay<\/strong> (75 cl)<\/p>\n<p data-start=\"27\" data-end=\"236\">Un <strong data-start=\"30\" data-end=\"53\">vin frais et fruit\u00e9<\/strong>, aux <strong data-start=\"59\" data-end=\"95\">ar\u00f4mes de framboise et de cassis<\/strong>, offrant une <strong data-start=\"109\" data-end=\"126\">bouche souple<\/strong> et <strong data-start=\"130\" data-end=\"140\">vivace<\/strong>. Parfait pour accompagner des <strong data-start=\"171\" data-end=\"190\">viandes l\u00e9g\u00e8res<\/strong>, des <strong data-start=\"196\" data-end=\"207\">salades<\/strong> ou des <strong data-start=\"215\" data-end=\"233\">fromages frais<\/strong>.<\/p>\n<p data-start=\"238\" data-end=\"274\" data-is-last-node=\"\"><strong data-start=\"238\" data-end=\"266\">Temp\u00e9rature de service :<\/strong> 10-12\u00b0C<\/p>\n","protected":false},"featured_media":256,"comment_status":"open","ping_status":"closed","template":"","meta":{"site-sidebar-layout":"default","site-content-layout":"","ast-site-content-layout":"default","site-content-style":"default","site-sidebar-style":"default","ast-global-header-display":"","ast-banner-title-visibility":"","ast-main-header-display":"","ast-hfb-above-header-display":"","ast-hfb-below-header-display":"","ast-hfb-mobile-header-display":"","site-post-title":"","ast-breadcrumbs-content":"","ast-featured-img":"","footer-sml-layout":"","theme-transparent-header-meta":"default","adv-header-id-meta":"","stick-header-meta":"","header-above-stick-meta":"","header-main-stick-meta":"","header-below-stick-meta":"","astra-migrate-meta-layouts":"set","ast-page-background-enabled":"default","ast-page-background-meta":{"desktop":{"background-color":"var(--ast-global-color-5)","background-image":"","background-repeat":"repeat","background-position":"center center","background-size":"auto","background-attachment":"scroll","background-type":"","background-media":"","overlay-type":"","overlay-color":"","overlay-opacity":"","overlay-gradient":""},"tablet":{"background-color":"","background-image":"","background-repeat":"repeat","background-position":"center center","background-size":"auto","background-attachment":"scroll","background-type":"","background-media":"","overlay-type":"","overlay-color":"","overlay-opacity":"","overlay-gradient":""},"mobile":{"background-color":"","background-image":"","background-repeat":"repeat","background-position":"center center","background-size":"auto","background-attachment":"scroll","background-type":"","background-media":"","overlay-type":"","overlay-color":"","overlay-opacity":"","overlay-gradient":""}},"ast-content-background-meta":{"desktop":{"background-color":"var(--ast-global-color-4)","background-image":"","background-repeat":"repeat","background-position":"center center","background-size":"auto","background-attachment":"scroll","background-type":"","background-media":"","overlay-type":"","overlay-color":"","overlay-opacity":"","overlay-gradient":""},"tablet":{"background-color":"var(--ast-global-color-4)","background-image":"","background-repeat":"repeat","background-position":"center center","background-size":"auto","background-attachment":"scroll","background-type":"","background-media":"","overlay-type":"","overlay-color":"","overlay-opacity":"","overlay-gradient":""},"mobile":{"background-color":"var(--ast-global-color-4)","background-image":"","background-repeat":"repeat","background-position":"center center","background-size":"auto","background-attachment":"scroll","background-type":"","background-media":"","overlay-type":"","overlay-color":"","overlay-opacity":"","overlay-gradient":""}}},"product_brand":[20],"product_cat":[23],"product_tag":[],"class_list":{"0":"post-255","1":"product","2":"type-product","3":"status-publish","4":"has-post-thumbnail","6":"product_brand-arx-wine","7":"product_cat-vins-rouges","8":"desktop-align-left","9":"tablet-align-left","10":"mobile-align-left","12":"first","13":"instock","14":"shipping-taxable","15":"purchasable","16":"product-type-simple"},"yoast_head":"<!-- This site is optimized with the Yoast SEO plugin v24.4 - https:\/\/yoast.com\/wordpress\/plugins\/seo\/ -->\n<title>M\u00e2con -<\/title>\n<meta name=\"description\" content=\"D\u00e9couvrez le M\u00e2con Gamay, un vin frais et fruit\u00e9 aux ar\u00f4mes de framboise et de cassis. Id\u00e9al avec viandes l\u00e9g\u00e8res, salades et fromages frais. Bourgogne.\" \/>\n<meta name=\"robots\" content=\"index, follow, max-snippet:-1, max-image-preview:large, max-video-preview:-1\" \/>\n<link rel=\"canonical\" href=\"https:\/\/laylaschmidvonarx.ovh\/index.php\/produit\/macon\/\" \/>\n<meta property=\"og:locale\" content=\"en_US\" \/>\n<meta property=\"og:type\" content=\"article\" \/>\n<meta property=\"og:title\" content=\"M\u00e2con -\" \/>\n<meta property=\"og:description\" content=\"D\u00e9couvrez le M\u00e2con Gamay, un vin frais et fruit\u00e9 aux ar\u00f4mes de framboise et de cassis. Id\u00e9al avec viandes l\u00e9g\u00e8res, salades et fromages frais. Bourgogne.\" \/>\n<meta property=\"og:url\" content=\"https:\/\/laylaschmidvonarx.ovh\/index.php\/produit\/macon\/\" \/>\n<meta property=\"og:image\" content=\"http:\/\/laylaschmidvonarx.ovh\/wp-content\/uploads\/2025\/02\/Macon.png\" \/>\n\t<meta property=\"og:image:width\" content=\"600\" \/>\n\t<meta property=\"og:image:height\" content=\"600\" \/>\n\t<meta property=\"og:image:type\" content=\"image\/png\" \/>\n<meta name=\"twitter:card\" content=\"summary_large_image\" \/>\n<meta name=\"twitter:label1\" content=\"Est. reading time\" \/>\n\t<meta name=\"twitter:data1\" content=\"1 minute\" \/>\n<script type=\"application\/ld+json\" class=\"yoast-schema-graph\">{\"@context\":\"https:\/\/schema.org\",\"@graph\":[{\"@type\":\"WebPage\",\"@id\":\"https:\/\/laylaschmidvonarx.ovh\/index.php\/produit\/macon\/\",\"url\":\"https:\/\/laylaschmidvonarx.ovh\/index.php\/produit\/macon\/\",\"name\":\"M\u00e2con -\",\"isPartOf\":{\"@id\":\"https:\/\/laylaschmidvonarx.ovh\/#website\"},\"primaryImageOfPage\":{\"@id\":\"https:\/\/laylaschmidvonarx.ovh\/index.php\/produit\/macon\/#primaryimage\"},\"image\":{\"@id\":\"https:\/\/laylaschmidvonarx.ovh\/index.php\/produit\/macon\/#primaryimage\"},\"thumbnailUrl\":\"https:\/\/laylaschmidvonarx.ovh\/wp-content\/uploads\/2025\/02\/Macon.png\",\"datePublished\":\"2025-02-12T11:51:59+00:00\",\"description\":\"D\u00e9couvrez le M\u00e2con Gamay, un vin frais et fruit\u00e9 aux ar\u00f4mes de framboise et de cassis. Id\u00e9al avec viandes l\u00e9g\u00e8res, salades et fromages frais. Bourgogne.\",\"breadcrumb\":{\"@id\":\"https:\/\/laylaschmidvonarx.ovh\/index.php\/produit\/macon\/#breadcrumb\"},\"inLanguage\":\"en-US\",\"potentialAction\":[{\"@type\":\"ReadAction\",\"target\":[\"https:\/\/laylaschmidvonarx.ovh\/index.php\/produit\/macon\/\"]}]},{\"@type\":\"ImageObject\",\"inLanguage\":\"en-US\",\"@id\":\"https:\/\/laylaschmidvonarx.ovh\/index.php\/produit\/macon\/#primaryimage\",\"url\":\"https:\/\/laylaschmidvonarx.ovh\/wp-content\/uploads\/2025\/02\/Macon.png\",\"contentUrl\":\"https:\/\/laylaschmidvonarx.ovh\/wp-content\/uploads\/2025\/02\/Macon.png\",\"width\":600,\"height\":600},{\"@type\":\"BreadcrumbList\",\"@id\":\"https:\/\/laylaschmidvonarx.ovh\/index.php\/produit\/macon\/#breadcrumb\",\"itemListElement\":[{\"@type\":\"ListItem\",\"position\":1,\"name\":\"Accueil\",\"item\":\"https:\/\/laylaschmidvonarx.ovh\/\"},{\"@type\":\"ListItem\",\"position\":2,\"name\":\"Boutique\",\"item\":\"https:\/\/laylaschmidvonarx.ovh\/index.php\/boutique\/\"},{\"@type\":\"ListItem\",\"position\":3,\"name\":\"M\u00e2con\"}]},{\"@type\":\"WebSite\",\"@id\":\"https:\/\/laylaschmidvonarx.ovh\/#website\",\"url\":\"https:\/\/laylaschmidvonarx.ovh\/\",\"name\":\"\",\"description\":\"Vins de Bourgogne \",\"potentialAction\":[{\"@type\":\"SearchAction\",\"target\":{\"@type\":\"EntryPoint\",\"urlTemplate\":\"https:\/\/laylaschmidvonarx.ovh\/?s={search_term_string}\"},\"query-input\":{\"@type\":\"PropertyValueSpecification\",\"valueRequired\":true,\"valueName\":\"search_term_string\"}}],\"inLanguage\":\"en-US\"}]}<\/script>\n<!-- \/ Yoast SEO plugin. -->","yoast_head_json":{"title":"M\u00e2con -","description":"D\u00e9couvrez le M\u00e2con Gamay, un vin frais et fruit\u00e9 aux ar\u00f4mes de framboise et de cassis. Id\u00e9al avec viandes l\u00e9g\u00e8res, salades et fromages frais. Bourgogne.","robots":{"index":"index","follow":"follow","max-snippet":"max-snippet:-1","max-image-preview":"max-image-preview:large","max-video-preview":"max-video-preview:-1"},"canonical":"https:\/\/laylaschmidvonarx.ovh\/index.php\/produit\/macon\/","og_locale":"en_US","og_type":"article","og_title":"M\u00e2con -","og_description":"D\u00e9couvrez le M\u00e2con Gamay, un vin frais et fruit\u00e9 aux ar\u00f4mes de framboise et de cassis. Id\u00e9al avec viandes l\u00e9g\u00e8res, salades et fromages frais. Bourgogne.","og_url":"https:\/\/laylaschmidvonarx.ovh\/index.php\/produit\/macon\/","og_image":[{"width":600,"height":600,"url":"http:\/\/laylaschmidvonarx.ovh\/wp-content\/uploads\/2025\/02\/Macon.png","type":"image\/png"}],"twitter_card":"summary_large_image","twitter_misc":{"Est. reading time":"1 minute"},"schema":{"@context":"https:\/\/schema.org","@graph":[{"@type":"WebPage","@id":"https:\/\/laylaschmidvonarx.ovh\/index.php\/produit\/macon\/","url":"https:\/\/laylaschmidvonarx.ovh\/index.php\/produit\/macon\/","name":"M\u00e2con -","isPartOf":{"@id":"https:\/\/laylaschmidvonarx.ovh\/#website"},"primaryImageOfPage":{"@id":"https:\/\/laylaschmidvonarx.ovh\/index.php\/produit\/macon\/#primaryimage"},"image":{"@id":"https:\/\/laylaschmidvonarx.ovh\/index.php\/produit\/macon\/#primaryimage"},"thumbnailUrl":"https:\/\/laylaschmidvonarx.ovh\/wp-content\/uploads\/2025\/02\/Macon.png","datePublished":"2025-02-12T11:51:59+00:00","description":"D\u00e9couvrez le M\u00e2con Gamay, un vin frais et fruit\u00e9 aux ar\u00f4mes de framboise et de cassis. Id\u00e9al avec viandes l\u00e9g\u00e8res, salades et fromages frais. Bourgogne.","breadcrumb":{"@id":"https:\/\/laylaschmidvonarx.ovh\/index.php\/produit\/macon\/#breadcrumb"},"inLanguage":"en-US","potentialAction":[{"@type":"ReadAction","target":["https:\/\/laylaschmidvonarx.ovh\/index.php\/produit\/macon\/"]}]},{"@type":"ImageObject","inLanguage":"en-US","@id":"https:\/\/laylaschmidvonarx.ovh\/index.php\/produit\/macon\/#primaryimage","url":"https:\/\/laylaschmidvonarx.ovh\/wp-content\/uploads\/2025\/02\/Macon.png","contentUrl":"https:\/\/laylaschmidvonarx.ovh\/wp-content\/uploads\/2025\/02\/Macon.png","width":600,"height":600},{"@type":"BreadcrumbList","@id":"https:\/\/laylaschmidvonarx.ovh\/index.php\/produit\/macon\/#breadcrumb","itemListElement":[{"@type":"ListItem","position":1,"name":"Accueil","item":"https:\/\/laylaschmidvonarx.ovh\/"},{"@type":"ListItem","position":2,"name":"Boutique","item":"https:\/\/laylaschmidvonarx.ovh\/index.php\/boutique\/"},{"@type":"ListItem","position":3,"name":"M\u00e2con"}]},{"@type":"WebSite","@id":"https:\/\/laylaschmidvonarx.ovh\/#website","url":"https:\/\/laylaschmidvonarx.ovh\/","name":"","description":"Vins de Bourgogne ","potentialAction":[{"@type":"SearchAction","target":{"@type":"EntryPoint","urlTemplate":"https:\/\/laylaschmidvonarx.ovh\/?s={search_term_string}"},"query-input":{"@type":"PropertyValueSpecification","valueRequired":true,"valueName":"search_term_string"}}],"inLanguage":"en-US"}]}},"_links":{"self":[{"href":"https:\/\/laylaschmidvonarx.ovh\/index.php\/wp-json\/wp\/v2\/product\/255","targetHints":{"allow":["GET"]}}],"collection":[{"href":"https:\/\/laylaschmidvonarx.ovh\/index.php\/wp-json\/wp\/v2\/product"}],"about":[{"href":"https:\/\/laylaschmidvonarx.ovh\/index.php\/wp-json\/wp\/v2\/types\/product"}],"replies":[{"embeddable":true,"href":"https:\/\/laylaschmidvonarx.ovh\/index.php\/wp-json\/wp\/v2\/comments?post=255"}],"wp:featuredmedia":[{"embeddable":true,"href":"https:\/\/laylaschmidvonarx.ovh\/index.php\/wp-json\/wp\/v2\/media\/256"}],"wp:attachment":[{"href":"https:\/\/laylaschmidvonarx.ovh\/index.php\/wp-json\/wp\/v2\/media?parent=255"}],"wp:term":[{"taxonomy":"product_brand","embeddable":true,"href":"https:\/\/laylaschmidvonarx.ovh\/index.php\/wp-json\/wp\/v2\/product_brand?post=255"},{"taxonomy":"product_cat","embeddable":true,"href":"https:\/\/laylaschmidvonarx.ovh\/index.php\/wp-json\/wp\/v2\/product_cat?post=255"},{"taxonomy":"product_tag","embeddable":true,"href":"https:\/\/laylaschmidvonarx.ovh\/index.php\/wp-json\/wp\/v2\/product_tag?post=255"}],"curies":[{"name":"wp","href":"https:\/\/api.w.org\/{rel}","templated":true}]}}