{"id":253,"date":"2025-02-12T12:43:25","date_gmt":"2025-02-12T11:43:25","guid":{"rendered":"https:\/\/laylaschmidvonarx.ovh\/?post_type=product&#038;p=253"},"modified":"2025-02-12T12:45:03","modified_gmt":"2025-02-12T11:45:03","slug":"bourgogne-rouge","status":"publish","type":"product","link":"https:\/\/laylaschmidvonarx.ovh\/index.php\/produit\/bourgogne-rouge\/","title":{"rendered":"Bourgogne Rouge"},"content":{"rendered":"<p data-start=\"0\" data-end=\"40\"><strong data-start=\"0\" data-end=\"30\">Bourgogne Rouge Pinot Noir<\/strong> (75 cl)<\/p>\n<p data-start=\"42\" data-end=\"615\">Ce <strong data-start=\"45\" data-end=\"64\">Bourgogne Rouge<\/strong> \u00e0 base de <strong data-start=\"75\" data-end=\"89\">Pinot Noir<\/strong> se distingue par sa <strong data-start=\"110\" data-end=\"133\">robustesse \u00e9l\u00e9gante<\/strong> et sa l\u00e9g\u00e8re <strong data-start=\"147\" data-end=\"172\">effervescence subtile<\/strong> qui apporte une sensation de fra\u00eecheur en bouche. Ses <strong data-start=\"227\" data-end=\"259\">ar\u00f4mes de fruits rouges<\/strong>\u00a0se r\u00e9v\u00e8lent avec finesse, offrant une texture soyeuse et une <strong data-start=\"346\" data-end=\"370\">longueur persistante<\/strong>. Ce vin \u00e9volue magnifiquement avec le temps et peut \u00eatre <strong data-start=\"428\" data-end=\"447\">laiss\u00e9 vieillir<\/strong>, permettant \u00e0 ses <strong data-start=\"466\" data-end=\"489\">tanins de se fondre<\/strong> et \u00e0 sa complexit\u00e9 de se d\u00e9ployer. Id\u00e9al avec des <strong data-start=\"540\" data-end=\"560\">viandes grill\u00e9es<\/strong>, des <strong data-start=\"566\" data-end=\"586\">fromages affin\u00e9s<\/strong> ou des <strong data-start=\"594\" data-end=\"612\">plats en sauce<\/strong>.<\/p>\n<p data-start=\"617\" data-end=\"828\" data-is-last-node=\"\"><strong data-start=\"617\" data-end=\"645\">Temp\u00e9rature de service :<\/strong> 14-16\u00b0C<br data-start=\"653\" data-end=\"656\" \/><strong data-start=\"656\" data-end=\"681\">Accords mets &amp; vins :<\/strong> Viandes grill\u00e9es, fromages affin\u00e9s, plats en sauce<br data-start=\"732\" data-end=\"735\" \/><strong data-start=\"735\" data-end=\"746\">Garde :<\/strong> \u00c0 laisser vieillir 5-7 ans pour une meilleure \u00e9volution et une complexit\u00e9 accrue.<\/p>\n","protected":false},"excerpt":{"rendered":"<p data-start=\"0\" data-end=\"40\"><strong data-start=\"0\" data-end=\"30\">Bourgogne Rouge Pinot Noir<\/strong> (75 cl)<\/p>\n<p data-start=\"42\" data-end=\"345\">Ce <strong data-start=\"45\" data-end=\"59\">Pinot Noir<\/strong> robuste et \u00e9l\u00e9gant offre une <strong data-start=\"89\" data-end=\"121\">l\u00e9g\u00e8re effervescence subtile<\/strong>, des <strong data-start=\"127\" data-end=\"159\">ar\u00f4mes de fruits rouges <\/strong>et une texture soyeuse. Un vin \u00e0 <strong data-start=\"193\" data-end=\"213\">laisser vieillir<\/strong> pour d\u00e9velopper toute sa <strong data-start=\"239\" data-end=\"253\">complexit\u00e9<\/strong>, id\u00e9al avec des <strong data-start=\"270\" data-end=\"290\">viandes grill\u00e9es<\/strong>, des <strong data-start=\"296\" data-end=\"316\">fromages affin\u00e9s<\/strong> et des <strong data-start=\"324\" data-end=\"342\">plats en sauce<\/strong>.<\/p>\n<p data-start=\"347\" data-end=\"383\" data-is-last-node=\"\"><strong data-start=\"347\" data-end=\"375\">Temp\u00e9rature de service :<\/strong> 14-16\u00b0C<\/p>\n","protected":false},"featured_media":254,"comment_status":"open","ping_status":"closed","template":"","meta":{"site-sidebar-layout":"default","site-content-layout":"","ast-site-content-layout":"default","site-content-style":"default","site-sidebar-style":"default","ast-global-header-display":"","ast-banner-title-visibility":"","ast-main-header-display":"","ast-hfb-above-header-display":"","ast-hfb-below-header-display":"","ast-hfb-mobile-header-display":"","site-post-title":"","ast-breadcrumbs-content":"","ast-featured-img":"","footer-sml-layout":"","theme-transparent-header-meta":"default","adv-header-id-meta":"","stick-header-meta":"","header-above-stick-meta":"","header-main-stick-meta":"","header-below-stick-meta":"","astra-migrate-meta-layouts":"set","ast-page-background-enabled":"default","ast-page-background-meta":{"desktop":{"background-color":"var(--ast-global-color-5)","background-image":"","background-repeat":"repeat","background-position":"center center","background-size":"auto","background-attachment":"scroll","background-type":"","background-media":"","overlay-type":"","overlay-color":"","overlay-opacity":"","overlay-gradient":""},"tablet":{"background-color":"","background-image":"","background-repeat":"repeat","background-position":"center center","background-size":"auto","background-attachment":"scroll","background-type":"","background-media":"","overlay-type":"","overlay-color":"","overlay-opacity":"","overlay-gradient":""},"mobile":{"background-color":"","background-image":"","background-repeat":"repeat","background-position":"center center","background-size":"auto","background-attachment":"scroll","background-type":"","background-media":"","overlay-type":"","overlay-color":"","overlay-opacity":"","overlay-gradient":""}},"ast-content-background-meta":{"desktop":{"background-color":"var(--ast-global-color-4)","background-image":"","background-repeat":"repeat","background-position":"center center","background-size":"auto","background-attachment":"scroll","background-type":"","background-media":"","overlay-type":"","overlay-color":"","overlay-opacity":"","overlay-gradient":""},"tablet":{"background-color":"var(--ast-global-color-4)","background-image":"","background-repeat":"repeat","background-position":"center center","background-size":"auto","background-attachment":"scroll","background-type":"","background-media":"","overlay-type":"","overlay-color":"","overlay-opacity":"","overlay-gradient":""},"mobile":{"background-color":"var(--ast-global-color-4)","background-image":"","background-repeat":"repeat","background-position":"center center","background-size":"auto","background-attachment":"scroll","background-type":"","background-media":"","overlay-type":"","overlay-color":"","overlay-opacity":"","overlay-gradient":""}}},"product_brand":[],"product_cat":[23],"product_tag":[],"class_list":{"0":"post-253","1":"product","2":"type-product","3":"status-publish","4":"has-post-thumbnail","6":"product_cat-vins-rouges","7":"desktop-align-left","8":"tablet-align-left","9":"mobile-align-left","11":"first","12":"instock","13":"shipping-taxable","14":"purchasable","15":"product-type-simple"},"yoast_head":"<!-- This site is optimized with the Yoast SEO plugin v24.4 - https:\/\/yoast.com\/wordpress\/plugins\/seo\/ -->\n<title>Bourgogne Rouge -<\/title>\n<meta name=\"robots\" content=\"index, follow, max-snippet:-1, max-image-preview:large, max-video-preview:-1\" \/>\n<link rel=\"canonical\" href=\"https:\/\/laylaschmidvonarx.ovh\/index.php\/produit\/bourgogne-rouge\/\" \/>\n<meta property=\"og:locale\" content=\"en_US\" \/>\n<meta property=\"og:type\" content=\"article\" \/>\n<meta property=\"og:title\" content=\"Bourgogne Rouge -\" \/>\n<meta property=\"og:description\" content=\"Bourgogne Rouge Pinot Noir (75 cl) Ce Pinot Noir robuste et \u00e9l\u00e9gant offre une l\u00e9g\u00e8re effervescence subtile, des ar\u00f4mes de fruits rouges et une texture soyeuse. Un vin \u00e0 laisser vieillir pour d\u00e9velopper toute sa complexit\u00e9, id\u00e9al avec des viandes grill\u00e9es, des fromages affin\u00e9s et des plats en sauce. Temp\u00e9rature de service : 14-16\u00b0C\" \/>\n<meta property=\"og:url\" content=\"https:\/\/laylaschmidvonarx.ovh\/index.php\/produit\/bourgogne-rouge\/\" \/>\n<meta property=\"article:modified_time\" content=\"2025-02-12T11:45:03+00:00\" \/>\n<meta property=\"og:image\" content=\"http:\/\/laylaschmidvonarx.ovh\/wp-content\/uploads\/2025\/02\/BR.png\" \/>\n\t<meta property=\"og:image:width\" content=\"600\" \/>\n\t<meta property=\"og:image:height\" content=\"600\" \/>\n\t<meta property=\"og:image:type\" content=\"image\/png\" \/>\n<meta name=\"twitter:card\" content=\"summary_large_image\" \/>\n<meta name=\"twitter:label1\" content=\"Est. reading time\" \/>\n\t<meta name=\"twitter:data1\" content=\"1 minute\" \/>\n<script type=\"application\/ld+json\" class=\"yoast-schema-graph\">{\"@context\":\"https:\/\/schema.org\",\"@graph\":[{\"@type\":\"WebPage\",\"@id\":\"https:\/\/laylaschmidvonarx.ovh\/index.php\/produit\/bourgogne-rouge\/\",\"url\":\"https:\/\/laylaschmidvonarx.ovh\/index.php\/produit\/bourgogne-rouge\/\",\"name\":\"Bourgogne Rouge -\",\"isPartOf\":{\"@id\":\"https:\/\/laylaschmidvonarx.ovh\/#website\"},\"primaryImageOfPage\":{\"@id\":\"https:\/\/laylaschmidvonarx.ovh\/index.php\/produit\/bourgogne-rouge\/#primaryimage\"},\"image\":{\"@id\":\"https:\/\/laylaschmidvonarx.ovh\/index.php\/produit\/bourgogne-rouge\/#primaryimage\"},\"thumbnailUrl\":\"https:\/\/laylaschmidvonarx.ovh\/wp-content\/uploads\/2025\/02\/BR.png\",\"datePublished\":\"2025-02-12T11:43:25+00:00\",\"dateModified\":\"2025-02-12T11:45:03+00:00\",\"breadcrumb\":{\"@id\":\"https:\/\/laylaschmidvonarx.ovh\/index.php\/produit\/bourgogne-rouge\/#breadcrumb\"},\"inLanguage\":\"en-US\",\"potentialAction\":[{\"@type\":\"ReadAction\",\"target\":[\"https:\/\/laylaschmidvonarx.ovh\/index.php\/produit\/bourgogne-rouge\/\"]}]},{\"@type\":\"ImageObject\",\"inLanguage\":\"en-US\",\"@id\":\"https:\/\/laylaschmidvonarx.ovh\/index.php\/produit\/bourgogne-rouge\/#primaryimage\",\"url\":\"https:\/\/laylaschmidvonarx.ovh\/wp-content\/uploads\/2025\/02\/BR.png\",\"contentUrl\":\"https:\/\/laylaschmidvonarx.ovh\/wp-content\/uploads\/2025\/02\/BR.png\",\"width\":600,\"height\":600},{\"@type\":\"BreadcrumbList\",\"@id\":\"https:\/\/laylaschmidvonarx.ovh\/index.php\/produit\/bourgogne-rouge\/#breadcrumb\",\"itemListElement\":[{\"@type\":\"ListItem\",\"position\":1,\"name\":\"Accueil\",\"item\":\"https:\/\/laylaschmidvonarx.ovh\/\"},{\"@type\":\"ListItem\",\"position\":2,\"name\":\"Boutique\",\"item\":\"https:\/\/laylaschmidvonarx.ovh\/index.php\/boutique\/\"},{\"@type\":\"ListItem\",\"position\":3,\"name\":\"Bourgogne Rouge\"}]},{\"@type\":\"WebSite\",\"@id\":\"https:\/\/laylaschmidvonarx.ovh\/#website\",\"url\":\"https:\/\/laylaschmidvonarx.ovh\/\",\"name\":\"\",\"description\":\"Vins de Bourgogne \",\"potentialAction\":[{\"@type\":\"SearchAction\",\"target\":{\"@type\":\"EntryPoint\",\"urlTemplate\":\"https:\/\/laylaschmidvonarx.ovh\/?s={search_term_string}\"},\"query-input\":{\"@type\":\"PropertyValueSpecification\",\"valueRequired\":true,\"valueName\":\"search_term_string\"}}],\"inLanguage\":\"en-US\"}]}<\/script>\n<!-- \/ Yoast SEO plugin. -->","yoast_head_json":{"title":"Bourgogne Rouge -","robots":{"index":"index","follow":"follow","max-snippet":"max-snippet:-1","max-image-preview":"max-image-preview:large","max-video-preview":"max-video-preview:-1"},"canonical":"https:\/\/laylaschmidvonarx.ovh\/index.php\/produit\/bourgogne-rouge\/","og_locale":"en_US","og_type":"article","og_title":"Bourgogne Rouge -","og_description":"Bourgogne Rouge Pinot Noir (75 cl) Ce Pinot Noir robuste et \u00e9l\u00e9gant offre une l\u00e9g\u00e8re effervescence subtile, des ar\u00f4mes de fruits rouges et une texture soyeuse. Un vin \u00e0 laisser vieillir pour d\u00e9velopper toute sa complexit\u00e9, id\u00e9al avec des viandes grill\u00e9es, des fromages affin\u00e9s et des plats en sauce. Temp\u00e9rature de service : 14-16\u00b0C","og_url":"https:\/\/laylaschmidvonarx.ovh\/index.php\/produit\/bourgogne-rouge\/","article_modified_time":"2025-02-12T11:45:03+00:00","og_image":[{"width":600,"height":600,"url":"http:\/\/laylaschmidvonarx.ovh\/wp-content\/uploads\/2025\/02\/BR.png","type":"image\/png"}],"twitter_card":"summary_large_image","twitter_misc":{"Est. reading time":"1 minute"},"schema":{"@context":"https:\/\/schema.org","@graph":[{"@type":"WebPage","@id":"https:\/\/laylaschmidvonarx.ovh\/index.php\/produit\/bourgogne-rouge\/","url":"https:\/\/laylaschmidvonarx.ovh\/index.php\/produit\/bourgogne-rouge\/","name":"Bourgogne Rouge -","isPartOf":{"@id":"https:\/\/laylaschmidvonarx.ovh\/#website"},"primaryImageOfPage":{"@id":"https:\/\/laylaschmidvonarx.ovh\/index.php\/produit\/bourgogne-rouge\/#primaryimage"},"image":{"@id":"https:\/\/laylaschmidvonarx.ovh\/index.php\/produit\/bourgogne-rouge\/#primaryimage"},"thumbnailUrl":"https:\/\/laylaschmidvonarx.ovh\/wp-content\/uploads\/2025\/02\/BR.png","datePublished":"2025-02-12T11:43:25+00:00","dateModified":"2025-02-12T11:45:03+00:00","breadcrumb":{"@id":"https:\/\/laylaschmidvonarx.ovh\/index.php\/produit\/bourgogne-rouge\/#breadcrumb"},"inLanguage":"en-US","potentialAction":[{"@type":"ReadAction","target":["https:\/\/laylaschmidvonarx.ovh\/index.php\/produit\/bourgogne-rouge\/"]}]},{"@type":"ImageObject","inLanguage":"en-US","@id":"https:\/\/laylaschmidvonarx.ovh\/index.php\/produit\/bourgogne-rouge\/#primaryimage","url":"https:\/\/laylaschmidvonarx.ovh\/wp-content\/uploads\/2025\/02\/BR.png","contentUrl":"https:\/\/laylaschmidvonarx.ovh\/wp-content\/uploads\/2025\/02\/BR.png","width":600,"height":600},{"@type":"BreadcrumbList","@id":"https:\/\/laylaschmidvonarx.ovh\/index.php\/produit\/bourgogne-rouge\/#breadcrumb","itemListElement":[{"@type":"ListItem","position":1,"name":"Accueil","item":"https:\/\/laylaschmidvonarx.ovh\/"},{"@type":"ListItem","position":2,"name":"Boutique","item":"https:\/\/laylaschmidvonarx.ovh\/index.php\/boutique\/"},{"@type":"ListItem","position":3,"name":"Bourgogne Rouge"}]},{"@type":"WebSite","@id":"https:\/\/laylaschmidvonarx.ovh\/#website","url":"https:\/\/laylaschmidvonarx.ovh\/","name":"","description":"Vins de Bourgogne ","potentialAction":[{"@type":"SearchAction","target":{"@type":"EntryPoint","urlTemplate":"https:\/\/laylaschmidvonarx.ovh\/?s={search_term_string}"},"query-input":{"@type":"PropertyValueSpecification","valueRequired":true,"valueName":"search_term_string"}}],"inLanguage":"en-US"}]}},"_links":{"self":[{"href":"https:\/\/laylaschmidvonarx.ovh\/index.php\/wp-json\/wp\/v2\/product\/253","targetHints":{"allow":["GET"]}}],"collection":[{"href":"https:\/\/laylaschmidvonarx.ovh\/index.php\/wp-json\/wp\/v2\/product"}],"about":[{"href":"https:\/\/laylaschmidvonarx.ovh\/index.php\/wp-json\/wp\/v2\/types\/product"}],"replies":[{"embeddable":true,"href":"https:\/\/laylaschmidvonarx.ovh\/index.php\/wp-json\/wp\/v2\/comments?post=253"}],"wp:featuredmedia":[{"embeddable":true,"href":"https:\/\/laylaschmidvonarx.ovh\/index.php\/wp-json\/wp\/v2\/media\/254"}],"wp:attachment":[{"href":"https:\/\/laylaschmidvonarx.ovh\/index.php\/wp-json\/wp\/v2\/media?parent=253"}],"wp:term":[{"taxonomy":"product_brand","embeddable":true,"href":"https:\/\/laylaschmidvonarx.ovh\/index.php\/wp-json\/wp\/v2\/product_brand?post=253"},{"taxonomy":"product_cat","embeddable":true,"href":"https:\/\/laylaschmidvonarx.ovh\/index.php\/wp-json\/wp\/v2\/product_cat?post=253"},{"taxonomy":"product_tag","embeddable":true,"href":"https:\/\/laylaschmidvonarx.ovh\/index.php\/wp-json\/wp\/v2\/product_tag?post=253"}],"curies":[{"name":"wp","href":"https:\/\/api.w.org\/{rel}","templated":true}]}}