{"id":251,"date":"2025-02-12T12:35:14","date_gmt":"2025-02-12T11:35:14","guid":{"rendered":"https:\/\/laylaschmidvonarx.ovh\/?post_type=product&#038;p=251"},"modified":"2025-02-12T12:35:14","modified_gmt":"2025-02-12T11:35:14","slug":"french-kiss","status":"publish","type":"product","link":"https:\/\/laylaschmidvonarx.ovh\/index.php\/produit\/french-kiss\/","title":{"rendered":"French Kiss"},"content":{"rendered":"<div class=\"flex max-w-full flex-col flex-grow\">\n<div class=\"min-h-8 text-message flex w-full flex-col items-end gap-2 whitespace-normal break-words text-start [.text-message+&amp;]:mt-5\" dir=\"auto\" data-message-author-role=\"assistant\" data-message-id=\"9aaf9f0a-90c0-4e97-8dd6-e02f9c1543ea\" data-message-model-slug=\"gpt-4o-mini\">\n<div class=\"flex w-full flex-col gap-1 empty:hidden first:pt-[3px]\">\n<div class=\"markdown prose w-full break-words dark:prose-invert dark\">\n<p data-start=\"0\" data-end=\"35\"><strong data-start=\"0\" data-end=\"25\">Gamay &#8211; Vin de France<\/strong> (75 cl)<\/p>\n<p data-start=\"37\" data-end=\"487\">Ce <strong data-start=\"40\" data-end=\"49\">Gamay<\/strong> d\u00e9class\u00e9 en <strong data-start=\"62\" data-end=\"79\">Vin de France<\/strong> est un vin <strong data-start=\"91\" data-end=\"114\">tannique et robuste<\/strong>, offrant des <strong data-start=\"128\" data-end=\"160\">ar\u00f4mes de fruits rouges m\u00fbrs<\/strong> et une touche subtile d&#8217;\u00e9pices. En bouche, il se distingue par une <strong data-start=\"228\" data-end=\"247\">attaque franche<\/strong> et des <strong data-start=\"255\" data-end=\"275\">tanins puissants<\/strong>, soutenus par une belle <strong data-start=\"300\" data-end=\"312\">longueur<\/strong> en finale. Ce vin s\u2019accorde parfaitement avec des <strong data-start=\"363\" data-end=\"383\">viandes grill\u00e9es<\/strong>, des <strong data-start=\"389\" data-end=\"405\">charcuteries<\/strong> ou des <strong data-start=\"413\" data-end=\"433\">fromages affin\u00e9s<\/strong>, pour une exp\u00e9rience gustative riche et structur\u00e9e.<\/p>\n<p data-start=\"489\" data-end=\"708\" data-is-last-node=\"\"><strong data-start=\"489\" data-end=\"517\">Temp\u00e9rature de service :<\/strong> 14-16\u00b0C<br data-start=\"525\" data-end=\"528\" \/><strong data-start=\"528\" data-end=\"553\">Accords mets &amp; vins :<\/strong> Viandes grill\u00e9es, charcuteries, fromages affin\u00e9s<br data-start=\"602\" data-end=\"605\" \/><strong data-start=\"605\" data-end=\"616\">Garde :<\/strong> \u00c0 d\u00e9guster entre 5 et 7 ans pour une meilleure \u00e9volution de ses tanins et de sa complexit\u00e9.<\/p>\n<\/div>\n<\/div>\n<\/div>\n<\/div>\n","protected":false},"excerpt":{"rendered":"<p data-start=\"0\" data-end=\"35\"><strong data-start=\"0\" data-end=\"25\">Gamay &#8211; Vin de France<\/strong> (75 cl)<\/p>\n<p data-start=\"37\" data-end=\"283\">Un <strong data-start=\"40\" data-end=\"67\">vin tannique et robuste<\/strong>, aux <strong data-start=\"73\" data-end=\"105\">ar\u00f4mes de fruits rouges m\u00fbrs<\/strong> et une touche \u00e9pic\u00e9e. Avec sa <strong data-start=\"136\" data-end=\"157\">bouche structur\u00e9e<\/strong> et ses <strong data-start=\"165\" data-end=\"185\">tanins puissants<\/strong>, il accompagne parfaitement les <strong data-start=\"218\" data-end=\"238\">viandes grill\u00e9es<\/strong>, <strong data-start=\"240\" data-end=\"256\">charcuteries<\/strong> et <strong data-start=\"260\" data-end=\"280\">fromages affin\u00e9s<\/strong>.<\/p>\n<p data-start=\"285\" data-end=\"321\" data-is-last-node=\"\"><strong data-start=\"285\" data-end=\"313\">Temp\u00e9rature de service :<\/strong> 14-16\u00b0C<\/p>\n","protected":false},"featured_media":252,"comment_status":"open","ping_status":"closed","template":"","meta":{"site-sidebar-layout":"default","site-content-layout":"","ast-site-content-layout":"default","site-content-style":"default","site-sidebar-style":"default","ast-global-header-display":"","ast-banner-title-visibility":"","ast-main-header-display":"","ast-hfb-above-header-display":"","ast-hfb-below-header-display":"","ast-hfb-mobile-header-display":"","site-post-title":"","ast-breadcrumbs-content":"","ast-featured-img":"","footer-sml-layout":"","theme-transparent-header-meta":"default","adv-header-id-meta":"","stick-header-meta":"","header-above-stick-meta":"","header-main-stick-meta":"","header-below-stick-meta":"","astra-migrate-meta-layouts":"set","ast-page-background-enabled":"default","ast-page-background-meta":{"desktop":{"background-color":"var(--ast-global-color-5)","background-image":"","background-repeat":"repeat","background-position":"center center","background-size":"auto","background-attachment":"scroll","background-type":"","background-media":"","overlay-type":"","overlay-color":"","overlay-opacity":"","overlay-gradient":""},"tablet":{"background-color":"","background-image":"","background-repeat":"repeat","background-position":"center center","background-size":"auto","background-attachment":"scroll","background-type":"","background-media":"","overlay-type":"","overlay-color":"","overlay-opacity":"","overlay-gradient":""},"mobile":{"background-color":"","background-image":"","background-repeat":"repeat","background-position":"center center","background-size":"auto","background-attachment":"scroll","background-type":"","background-media":"","overlay-type":"","overlay-color":"","overlay-opacity":"","overlay-gradient":""}},"ast-content-background-meta":{"desktop":{"background-color":"var(--ast-global-color-4)","background-image":"","background-repeat":"repeat","background-position":"center center","background-size":"auto","background-attachment":"scroll","background-type":"","background-media":"","overlay-type":"","overlay-color":"","overlay-opacity":"","overlay-gradient":""},"tablet":{"background-color":"var(--ast-global-color-4)","background-image":"","background-repeat":"repeat","background-position":"center center","background-size":"auto","background-attachment":"scroll","background-type":"","background-media":"","overlay-type":"","overlay-color":"","overlay-opacity":"","overlay-gradient":""},"mobile":{"background-color":"var(--ast-global-color-4)","background-image":"","background-repeat":"repeat","background-position":"center center","background-size":"auto","background-attachment":"scroll","background-type":"","background-media":"","overlay-type":"","overlay-color":"","overlay-opacity":"","overlay-gradient":""}}},"product_brand":[20],"product_cat":[22],"product_tag":[],"class_list":{"0":"post-251","1":"product","2":"type-product","3":"status-publish","4":"has-post-thumbnail","6":"product_brand-arx-wine","7":"product_cat-vins-de-france","8":"desktop-align-left","9":"tablet-align-left","10":"mobile-align-left","12":"first","13":"instock","14":"shipping-taxable","15":"purchasable","16":"product-type-simple"},"yoast_head":"<!-- This site is optimized with the Yoast SEO plugin v24.4 - https:\/\/yoast.com\/wordpress\/plugins\/seo\/ -->\n<title>French Kiss -<\/title>\n<meta name=\"description\" content=\"D\u00e9couvrez le French Kiss - Vin de France, un gamay tannique et robuste, aux ar\u00f4mes de fruits rouges m\u00fbrs et \u00e9pices. Vins de Bourgogne - ARX WINE\" \/>\n<meta name=\"robots\" content=\"index, follow, max-snippet:-1, max-image-preview:large, max-video-preview:-1\" \/>\n<link rel=\"canonical\" href=\"https:\/\/laylaschmidvonarx.ovh\/index.php\/produit\/french-kiss\/\" \/>\n<meta property=\"og:locale\" content=\"en_US\" \/>\n<meta property=\"og:type\" content=\"article\" \/>\n<meta property=\"og:title\" content=\"French Kiss -\" \/>\n<meta property=\"og:description\" content=\"D\u00e9couvrez le French Kiss - Vin de France, un gamay tannique et robuste, aux ar\u00f4mes de fruits rouges m\u00fbrs et \u00e9pices. Vins de Bourgogne - ARX WINE\" \/>\n<meta property=\"og:url\" content=\"https:\/\/laylaschmidvonarx.ovh\/index.php\/produit\/french-kiss\/\" \/>\n<meta property=\"og:image\" content=\"http:\/\/laylaschmidvonarx.ovh\/wp-content\/uploads\/2025\/02\/FK.png\" \/>\n\t<meta property=\"og:image:width\" content=\"600\" \/>\n\t<meta property=\"og:image:height\" content=\"600\" \/>\n\t<meta property=\"og:image:type\" content=\"image\/png\" \/>\n<meta name=\"twitter:card\" content=\"summary_large_image\" \/>\n<meta name=\"twitter:label1\" content=\"Est. reading time\" \/>\n\t<meta name=\"twitter:data1\" content=\"1 minute\" \/>\n<script type=\"application\/ld+json\" class=\"yoast-schema-graph\">{\"@context\":\"https:\/\/schema.org\",\"@graph\":[{\"@type\":\"WebPage\",\"@id\":\"https:\/\/laylaschmidvonarx.ovh\/index.php\/produit\/french-kiss\/\",\"url\":\"https:\/\/laylaschmidvonarx.ovh\/index.php\/produit\/french-kiss\/\",\"name\":\"French Kiss -\",\"isPartOf\":{\"@id\":\"https:\/\/laylaschmidvonarx.ovh\/#website\"},\"primaryImageOfPage\":{\"@id\":\"https:\/\/laylaschmidvonarx.ovh\/index.php\/produit\/french-kiss\/#primaryimage\"},\"image\":{\"@id\":\"https:\/\/laylaschmidvonarx.ovh\/index.php\/produit\/french-kiss\/#primaryimage\"},\"thumbnailUrl\":\"https:\/\/laylaschmidvonarx.ovh\/wp-content\/uploads\/2025\/02\/FK.png\",\"datePublished\":\"2025-02-12T11:35:14+00:00\",\"description\":\"D\u00e9couvrez le French Kiss - Vin de France, un gamay tannique et robuste, aux ar\u00f4mes de fruits rouges m\u00fbrs et \u00e9pices. Vins de Bourgogne - ARX WINE\",\"breadcrumb\":{\"@id\":\"https:\/\/laylaschmidvonarx.ovh\/index.php\/produit\/french-kiss\/#breadcrumb\"},\"inLanguage\":\"en-US\",\"potentialAction\":[{\"@type\":\"ReadAction\",\"target\":[\"https:\/\/laylaschmidvonarx.ovh\/index.php\/produit\/french-kiss\/\"]}]},{\"@type\":\"ImageObject\",\"inLanguage\":\"en-US\",\"@id\":\"https:\/\/laylaschmidvonarx.ovh\/index.php\/produit\/french-kiss\/#primaryimage\",\"url\":\"https:\/\/laylaschmidvonarx.ovh\/wp-content\/uploads\/2025\/02\/FK.png\",\"contentUrl\":\"https:\/\/laylaschmidvonarx.ovh\/wp-content\/uploads\/2025\/02\/FK.png\",\"width\":600,\"height\":600},{\"@type\":\"BreadcrumbList\",\"@id\":\"https:\/\/laylaschmidvonarx.ovh\/index.php\/produit\/french-kiss\/#breadcrumb\",\"itemListElement\":[{\"@type\":\"ListItem\",\"position\":1,\"name\":\"Accueil\",\"item\":\"https:\/\/laylaschmidvonarx.ovh\/\"},{\"@type\":\"ListItem\",\"position\":2,\"name\":\"Boutique\",\"item\":\"https:\/\/laylaschmidvonarx.ovh\/index.php\/boutique\/\"},{\"@type\":\"ListItem\",\"position\":3,\"name\":\"French Kiss\"}]},{\"@type\":\"WebSite\",\"@id\":\"https:\/\/laylaschmidvonarx.ovh\/#website\",\"url\":\"https:\/\/laylaschmidvonarx.ovh\/\",\"name\":\"\",\"description\":\"Vins de Bourgogne \",\"potentialAction\":[{\"@type\":\"SearchAction\",\"target\":{\"@type\":\"EntryPoint\",\"urlTemplate\":\"https:\/\/laylaschmidvonarx.ovh\/?s={search_term_string}\"},\"query-input\":{\"@type\":\"PropertyValueSpecification\",\"valueRequired\":true,\"valueName\":\"search_term_string\"}}],\"inLanguage\":\"en-US\"}]}<\/script>\n<!-- \/ Yoast SEO plugin. -->","yoast_head_json":{"title":"French Kiss -","description":"D\u00e9couvrez le French Kiss - Vin de France, un gamay tannique et robuste, aux ar\u00f4mes de fruits rouges m\u00fbrs et \u00e9pices. Vins de Bourgogne - ARX WINE","robots":{"index":"index","follow":"follow","max-snippet":"max-snippet:-1","max-image-preview":"max-image-preview:large","max-video-preview":"max-video-preview:-1"},"canonical":"https:\/\/laylaschmidvonarx.ovh\/index.php\/produit\/french-kiss\/","og_locale":"en_US","og_type":"article","og_title":"French Kiss -","og_description":"D\u00e9couvrez le French Kiss - Vin de France, un gamay tannique et robuste, aux ar\u00f4mes de fruits rouges m\u00fbrs et \u00e9pices. Vins de Bourgogne - ARX WINE","og_url":"https:\/\/laylaschmidvonarx.ovh\/index.php\/produit\/french-kiss\/","og_image":[{"width":600,"height":600,"url":"http:\/\/laylaschmidvonarx.ovh\/wp-content\/uploads\/2025\/02\/FK.png","type":"image\/png"}],"twitter_card":"summary_large_image","twitter_misc":{"Est. reading time":"1 minute"},"schema":{"@context":"https:\/\/schema.org","@graph":[{"@type":"WebPage","@id":"https:\/\/laylaschmidvonarx.ovh\/index.php\/produit\/french-kiss\/","url":"https:\/\/laylaschmidvonarx.ovh\/index.php\/produit\/french-kiss\/","name":"French Kiss -","isPartOf":{"@id":"https:\/\/laylaschmidvonarx.ovh\/#website"},"primaryImageOfPage":{"@id":"https:\/\/laylaschmidvonarx.ovh\/index.php\/produit\/french-kiss\/#primaryimage"},"image":{"@id":"https:\/\/laylaschmidvonarx.ovh\/index.php\/produit\/french-kiss\/#primaryimage"},"thumbnailUrl":"https:\/\/laylaschmidvonarx.ovh\/wp-content\/uploads\/2025\/02\/FK.png","datePublished":"2025-02-12T11:35:14+00:00","description":"D\u00e9couvrez le French Kiss - Vin de France, un gamay tannique et robuste, aux ar\u00f4mes de fruits rouges m\u00fbrs et \u00e9pices. Vins de Bourgogne - ARX WINE","breadcrumb":{"@id":"https:\/\/laylaschmidvonarx.ovh\/index.php\/produit\/french-kiss\/#breadcrumb"},"inLanguage":"en-US","potentialAction":[{"@type":"ReadAction","target":["https:\/\/laylaschmidvonarx.ovh\/index.php\/produit\/french-kiss\/"]}]},{"@type":"ImageObject","inLanguage":"en-US","@id":"https:\/\/laylaschmidvonarx.ovh\/index.php\/produit\/french-kiss\/#primaryimage","url":"https:\/\/laylaschmidvonarx.ovh\/wp-content\/uploads\/2025\/02\/FK.png","contentUrl":"https:\/\/laylaschmidvonarx.ovh\/wp-content\/uploads\/2025\/02\/FK.png","width":600,"height":600},{"@type":"BreadcrumbList","@id":"https:\/\/laylaschmidvonarx.ovh\/index.php\/produit\/french-kiss\/#breadcrumb","itemListElement":[{"@type":"ListItem","position":1,"name":"Accueil","item":"https:\/\/laylaschmidvonarx.ovh\/"},{"@type":"ListItem","position":2,"name":"Boutique","item":"https:\/\/laylaschmidvonarx.ovh\/index.php\/boutique\/"},{"@type":"ListItem","position":3,"name":"French Kiss"}]},{"@type":"WebSite","@id":"https:\/\/laylaschmidvonarx.ovh\/#website","url":"https:\/\/laylaschmidvonarx.ovh\/","name":"","description":"Vins de Bourgogne ","potentialAction":[{"@type":"SearchAction","target":{"@type":"EntryPoint","urlTemplate":"https:\/\/laylaschmidvonarx.ovh\/?s={search_term_string}"},"query-input":{"@type":"PropertyValueSpecification","valueRequired":true,"valueName":"search_term_string"}}],"inLanguage":"en-US"}]}},"_links":{"self":[{"href":"https:\/\/laylaschmidvonarx.ovh\/index.php\/wp-json\/wp\/v2\/product\/251","targetHints":{"allow":["GET"]}}],"collection":[{"href":"https:\/\/laylaschmidvonarx.ovh\/index.php\/wp-json\/wp\/v2\/product"}],"about":[{"href":"https:\/\/laylaschmidvonarx.ovh\/index.php\/wp-json\/wp\/v2\/types\/product"}],"replies":[{"embeddable":true,"href":"https:\/\/laylaschmidvonarx.ovh\/index.php\/wp-json\/wp\/v2\/comments?post=251"}],"wp:featuredmedia":[{"embeddable":true,"href":"https:\/\/laylaschmidvonarx.ovh\/index.php\/wp-json\/wp\/v2\/media\/252"}],"wp:attachment":[{"href":"https:\/\/laylaschmidvonarx.ovh\/index.php\/wp-json\/wp\/v2\/media?parent=251"}],"wp:term":[{"taxonomy":"product_brand","embeddable":true,"href":"https:\/\/laylaschmidvonarx.ovh\/index.php\/wp-json\/wp\/v2\/product_brand?post=251"},{"taxonomy":"product_cat","embeddable":true,"href":"https:\/\/laylaschmidvonarx.ovh\/index.php\/wp-json\/wp\/v2\/product_cat?post=251"},{"taxonomy":"product_tag","embeddable":true,"href":"https:\/\/laylaschmidvonarx.ovh\/index.php\/wp-json\/wp\/v2\/product_tag?post=251"}],"curies":[{"name":"wp","href":"https:\/\/api.w.org\/{rel}","templated":true}]}}