{"id":247,"date":"2025-02-12T10:47:55","date_gmt":"2025-02-12T09:47:55","guid":{"rendered":"https:\/\/laylaschmidvonarx.ovh\/?post_type=product&#038;p=247"},"modified":"2025-02-12T12:28:37","modified_gmt":"2025-02-12T11:28:37","slug":"score","status":"publish","type":"product","link":"https:\/\/laylaschmidvonarx.ovh\/index.php\/produit\/score\/","title":{"rendered":"SCORE"},"content":{"rendered":"<p data-start=\"0\" data-end=\"71\"><strong data-start=\"0\" data-end=\"61\">SCORE &#8211; Vin de France Fruit\u00e9 Gourmand (\u00c9dition Limit\u00e9e)<\/strong> (75 cl)<\/p>\n<p data-start=\"73\" data-end=\"447\"><strong data-start=\"73\" data-end=\"82\">SCORE<\/strong> est un <strong data-start=\"90\" data-end=\"107\">Vin de France<\/strong> tr\u00e8s gourmand, en <strong data-start=\"130\" data-end=\"149\">\u00e9dition limit\u00e9e<\/strong>, rendu hommage aux <strong data-start=\"169\" data-end=\"180\">chevaux, <\/strong>d&#8217;o\u00f9 le cheval repr\u00e9sent\u00e9 sur l&#8217;\u00e9tiquette. Il offre des <strong data-start=\"195\" data-end=\"226\">ar\u00f4mes frais de fruits m\u00fbrs<\/strong>, une touche subtile de <strong data-start=\"250\" data-end=\"258\">miel<\/strong> et une <strong data-start=\"266\" data-end=\"282\">bouche douce<\/strong> et ronde, avec une belle <strong data-start=\"308\" data-end=\"321\">fra\u00eecheur<\/strong>. Parfait pour accompagner un <strong data-start=\"351\" data-end=\"368\">dessert l\u00e9ger<\/strong>, des <strong data-start=\"374\" data-end=\"386\">fromages<\/strong> ou simplement pour savourer un moment gourmand entre amis.<\/p>\n<p data-start=\"449\" data-end=\"636\" data-is-last-node=\"\"><strong data-start=\"449\" data-end=\"477\">Temp\u00e9rature de service :<\/strong> 8-10\u00b0C<br data-start=\"484\" data-end=\"487\" \/><strong data-start=\"487\" data-end=\"512\">Accords mets &amp; vins :<\/strong> Desserts, fromages \u00e0 p\u00e2te persill\u00e9e, fruits frais<br data-start=\"562\" data-end=\"565\" \/><strong data-start=\"565\" data-end=\"576\">Garde :<\/strong> \u00c0 d\u00e9guster jeune pour toute sa fra\u00eecheur et sa gourmandise.<\/p>\n","protected":false},"excerpt":{"rendered":"<p data-start=\"0\" data-end=\"53\"><strong data-start=\"0\" data-end=\"43\">SCORE &#8211; Vin de France Fruit\u00e9 et Gourmand<\/strong> (75 cl)<\/p>\n<p data-start=\"55\" data-end=\"269\" data-is-last-node=\"\">Un <strong data-start=\"58\" data-end=\"80\">vin frais<\/strong>, en <strong data-start=\"85\" data-end=\"104\">\u00e9dition limit\u00e9e<\/strong>, d\u00e9di\u00e9 aux \u00e0 l&#8217;histoire des <strong data-start=\"116\" data-end=\"127\">chevaux<\/strong>. Avec ses <strong data-start=\"138\" data-end=\"163\">ar\u00f4mes de fruits m\u00fbrs<\/strong> et sa <strong data-start=\"170\" data-end=\"186\">bouche douce<\/strong>, il est parfait pour accompagner desserts et fromages. <strong data-start=\"242\" data-end=\"269\" data-is-last-node=\"\">Servir entre 8 et 10\u00b0C.<\/strong><\/p>\n","protected":false},"featured_media":249,"comment_status":"open","ping_status":"closed","template":"","meta":{"site-sidebar-layout":"default","site-content-layout":"","ast-site-content-layout":"default","site-content-style":"default","site-sidebar-style":"default","ast-global-header-display":"","ast-banner-title-visibility":"","ast-main-header-display":"","ast-hfb-above-header-display":"","ast-hfb-below-header-display":"","ast-hfb-mobile-header-display":"","site-post-title":"","ast-breadcrumbs-content":"","ast-featured-img":"","footer-sml-layout":"","theme-transparent-header-meta":"default","adv-header-id-meta":"","stick-header-meta":"","header-above-stick-meta":"","header-main-stick-meta":"","header-below-stick-meta":"","astra-migrate-meta-layouts":"set","ast-page-background-enabled":"default","ast-page-background-meta":{"desktop":{"background-color":"var(--ast-global-color-5)","background-image":"","background-repeat":"repeat","background-position":"center center","background-size":"auto","background-attachment":"scroll","background-type":"","background-media":"","overlay-type":"","overlay-color":"","overlay-opacity":"","overlay-gradient":""},"tablet":{"background-color":"","background-image":"","background-repeat":"repeat","background-position":"center center","background-size":"auto","background-attachment":"scroll","background-type":"","background-media":"","overlay-type":"","overlay-color":"","overlay-opacity":"","overlay-gradient":""},"mobile":{"background-color":"","background-image":"","background-repeat":"repeat","background-position":"center center","background-size":"auto","background-attachment":"scroll","background-type":"","background-media":"","overlay-type":"","overlay-color":"","overlay-opacity":"","overlay-gradient":""}},"ast-content-background-meta":{"desktop":{"background-color":"var(--ast-global-color-4)","background-image":"","background-repeat":"repeat","background-position":"center center","background-size":"auto","background-attachment":"scroll","background-type":"","background-media":"","overlay-type":"","overlay-color":"","overlay-opacity":"","overlay-gradient":""},"tablet":{"background-color":"var(--ast-global-color-4)","background-image":"","background-repeat":"repeat","background-position":"center center","background-size":"auto","background-attachment":"scroll","background-type":"","background-media":"","overlay-type":"","overlay-color":"","overlay-opacity":"","overlay-gradient":""},"mobile":{"background-color":"var(--ast-global-color-4)","background-image":"","background-repeat":"repeat","background-position":"center center","background-size":"auto","background-attachment":"scroll","background-type":"","background-media":"","overlay-type":"","overlay-color":"","overlay-opacity":"","overlay-gradient":""}}},"product_brand":[20],"product_cat":[22],"product_tag":[],"class_list":{"0":"post-247","1":"product","2":"type-product","3":"status-publish","4":"has-post-thumbnail","6":"product_brand-arx-wine","7":"product_cat-vins-de-france","8":"desktop-align-left","9":"tablet-align-left","10":"mobile-align-left","12":"first","13":"instock","14":"shipping-taxable","15":"purchasable","16":"product-type-simple"},"yoast_head":"<!-- This site is optimized with the Yoast SEO plugin v24.4 - https:\/\/yoast.com\/wordpress\/plugins\/seo\/ -->\n<title>SCORE -<\/title>\n<meta name=\"description\" content=\"D\u00e9couvrez SCORE, un vin gourmand, en \u00e9dition limit\u00e9e, c\u00e9l\u00e9brant les chevaux. Ar\u00f4mes de fruits m\u00fbrs et miel, parfait pour accompagner desserts et fromages.\" \/>\n<meta name=\"robots\" content=\"index, follow, max-snippet:-1, max-image-preview:large, max-video-preview:-1\" \/>\n<link rel=\"canonical\" href=\"https:\/\/laylaschmidvonarx.ovh\/index.php\/produit\/score\/\" \/>\n<meta property=\"og:locale\" content=\"en_US\" \/>\n<meta property=\"og:type\" content=\"article\" \/>\n<meta property=\"og:title\" content=\"SCORE -\" \/>\n<meta property=\"og:description\" content=\"D\u00e9couvrez SCORE, un vin gourmand, en \u00e9dition limit\u00e9e, c\u00e9l\u00e9brant les chevaux. Ar\u00f4mes de fruits m\u00fbrs et miel, parfait pour accompagner desserts et fromages.\" \/>\n<meta property=\"og:url\" content=\"https:\/\/laylaschmidvonarx.ovh\/index.php\/produit\/score\/\" \/>\n<meta property=\"article:modified_time\" content=\"2025-02-12T11:28:37+00:00\" \/>\n<meta property=\"og:image\" content=\"http:\/\/laylaschmidvonarx.ovh\/wp-content\/uploads\/2025\/02\/score.png\" \/>\n\t<meta property=\"og:image:width\" content=\"600\" \/>\n\t<meta property=\"og:image:height\" content=\"600\" \/>\n\t<meta property=\"og:image:type\" content=\"image\/png\" \/>\n<meta name=\"twitter:card\" content=\"summary_large_image\" \/>\n<meta name=\"twitter:label1\" content=\"Est. reading time\" \/>\n\t<meta name=\"twitter:data1\" content=\"1 minute\" \/>\n<script type=\"application\/ld+json\" class=\"yoast-schema-graph\">{\"@context\":\"https:\/\/schema.org\",\"@graph\":[{\"@type\":\"WebPage\",\"@id\":\"https:\/\/laylaschmidvonarx.ovh\/index.php\/produit\/score\/\",\"url\":\"https:\/\/laylaschmidvonarx.ovh\/index.php\/produit\/score\/\",\"name\":\"SCORE -\",\"isPartOf\":{\"@id\":\"https:\/\/laylaschmidvonarx.ovh\/#website\"},\"primaryImageOfPage\":{\"@id\":\"https:\/\/laylaschmidvonarx.ovh\/index.php\/produit\/score\/#primaryimage\"},\"image\":{\"@id\":\"https:\/\/laylaschmidvonarx.ovh\/index.php\/produit\/score\/#primaryimage\"},\"thumbnailUrl\":\"https:\/\/laylaschmidvonarx.ovh\/wp-content\/uploads\/2025\/02\/score.png\",\"datePublished\":\"2025-02-12T09:47:55+00:00\",\"dateModified\":\"2025-02-12T11:28:37+00:00\",\"description\":\"D\u00e9couvrez SCORE, un vin gourmand, en \u00e9dition limit\u00e9e, c\u00e9l\u00e9brant les chevaux. Ar\u00f4mes de fruits m\u00fbrs et miel, parfait pour accompagner desserts et fromages.\",\"breadcrumb\":{\"@id\":\"https:\/\/laylaschmidvonarx.ovh\/index.php\/produit\/score\/#breadcrumb\"},\"inLanguage\":\"en-US\",\"potentialAction\":[{\"@type\":\"ReadAction\",\"target\":[\"https:\/\/laylaschmidvonarx.ovh\/index.php\/produit\/score\/\"]}]},{\"@type\":\"ImageObject\",\"inLanguage\":\"en-US\",\"@id\":\"https:\/\/laylaschmidvonarx.ovh\/index.php\/produit\/score\/#primaryimage\",\"url\":\"https:\/\/laylaschmidvonarx.ovh\/wp-content\/uploads\/2025\/02\/score.png\",\"contentUrl\":\"https:\/\/laylaschmidvonarx.ovh\/wp-content\/uploads\/2025\/02\/score.png\",\"width\":600,\"height\":600},{\"@type\":\"BreadcrumbList\",\"@id\":\"https:\/\/laylaschmidvonarx.ovh\/index.php\/produit\/score\/#breadcrumb\",\"itemListElement\":[{\"@type\":\"ListItem\",\"position\":1,\"name\":\"Accueil\",\"item\":\"https:\/\/laylaschmidvonarx.ovh\/\"},{\"@type\":\"ListItem\",\"position\":2,\"name\":\"Boutique\",\"item\":\"https:\/\/laylaschmidvonarx.ovh\/index.php\/boutique\/\"},{\"@type\":\"ListItem\",\"position\":3,\"name\":\"SCORE\"}]},{\"@type\":\"WebSite\",\"@id\":\"https:\/\/laylaschmidvonarx.ovh\/#website\",\"url\":\"https:\/\/laylaschmidvonarx.ovh\/\",\"name\":\"\",\"description\":\"Vins de Bourgogne \",\"potentialAction\":[{\"@type\":\"SearchAction\",\"target\":{\"@type\":\"EntryPoint\",\"urlTemplate\":\"https:\/\/laylaschmidvonarx.ovh\/?s={search_term_string}\"},\"query-input\":{\"@type\":\"PropertyValueSpecification\",\"valueRequired\":true,\"valueName\":\"search_term_string\"}}],\"inLanguage\":\"en-US\"}]}<\/script>\n<!-- \/ Yoast SEO plugin. -->","yoast_head_json":{"title":"SCORE -","description":"D\u00e9couvrez SCORE, un vin gourmand, en \u00e9dition limit\u00e9e, c\u00e9l\u00e9brant les chevaux. Ar\u00f4mes de fruits m\u00fbrs et miel, parfait pour accompagner desserts et fromages.","robots":{"index":"index","follow":"follow","max-snippet":"max-snippet:-1","max-image-preview":"max-image-preview:large","max-video-preview":"max-video-preview:-1"},"canonical":"https:\/\/laylaschmidvonarx.ovh\/index.php\/produit\/score\/","og_locale":"en_US","og_type":"article","og_title":"SCORE -","og_description":"D\u00e9couvrez SCORE, un vin gourmand, en \u00e9dition limit\u00e9e, c\u00e9l\u00e9brant les chevaux. Ar\u00f4mes de fruits m\u00fbrs et miel, parfait pour accompagner desserts et fromages.","og_url":"https:\/\/laylaschmidvonarx.ovh\/index.php\/produit\/score\/","article_modified_time":"2025-02-12T11:28:37+00:00","og_image":[{"width":600,"height":600,"url":"http:\/\/laylaschmidvonarx.ovh\/wp-content\/uploads\/2025\/02\/score.png","type":"image\/png"}],"twitter_card":"summary_large_image","twitter_misc":{"Est. reading time":"1 minute"},"schema":{"@context":"https:\/\/schema.org","@graph":[{"@type":"WebPage","@id":"https:\/\/laylaschmidvonarx.ovh\/index.php\/produit\/score\/","url":"https:\/\/laylaschmidvonarx.ovh\/index.php\/produit\/score\/","name":"SCORE -","isPartOf":{"@id":"https:\/\/laylaschmidvonarx.ovh\/#website"},"primaryImageOfPage":{"@id":"https:\/\/laylaschmidvonarx.ovh\/index.php\/produit\/score\/#primaryimage"},"image":{"@id":"https:\/\/laylaschmidvonarx.ovh\/index.php\/produit\/score\/#primaryimage"},"thumbnailUrl":"https:\/\/laylaschmidvonarx.ovh\/wp-content\/uploads\/2025\/02\/score.png","datePublished":"2025-02-12T09:47:55+00:00","dateModified":"2025-02-12T11:28:37+00:00","description":"D\u00e9couvrez SCORE, un vin gourmand, en \u00e9dition limit\u00e9e, c\u00e9l\u00e9brant les chevaux. Ar\u00f4mes de fruits m\u00fbrs et miel, parfait pour accompagner desserts et fromages.","breadcrumb":{"@id":"https:\/\/laylaschmidvonarx.ovh\/index.php\/produit\/score\/#breadcrumb"},"inLanguage":"en-US","potentialAction":[{"@type":"ReadAction","target":["https:\/\/laylaschmidvonarx.ovh\/index.php\/produit\/score\/"]}]},{"@type":"ImageObject","inLanguage":"en-US","@id":"https:\/\/laylaschmidvonarx.ovh\/index.php\/produit\/score\/#primaryimage","url":"https:\/\/laylaschmidvonarx.ovh\/wp-content\/uploads\/2025\/02\/score.png","contentUrl":"https:\/\/laylaschmidvonarx.ovh\/wp-content\/uploads\/2025\/02\/score.png","width":600,"height":600},{"@type":"BreadcrumbList","@id":"https:\/\/laylaschmidvonarx.ovh\/index.php\/produit\/score\/#breadcrumb","itemListElement":[{"@type":"ListItem","position":1,"name":"Accueil","item":"https:\/\/laylaschmidvonarx.ovh\/"},{"@type":"ListItem","position":2,"name":"Boutique","item":"https:\/\/laylaschmidvonarx.ovh\/index.php\/boutique\/"},{"@type":"ListItem","position":3,"name":"SCORE"}]},{"@type":"WebSite","@id":"https:\/\/laylaschmidvonarx.ovh\/#website","url":"https:\/\/laylaschmidvonarx.ovh\/","name":"","description":"Vins de Bourgogne ","potentialAction":[{"@type":"SearchAction","target":{"@type":"EntryPoint","urlTemplate":"https:\/\/laylaschmidvonarx.ovh\/?s={search_term_string}"},"query-input":{"@type":"PropertyValueSpecification","valueRequired":true,"valueName":"search_term_string"}}],"inLanguage":"en-US"}]}},"_links":{"self":[{"href":"https:\/\/laylaschmidvonarx.ovh\/index.php\/wp-json\/wp\/v2\/product\/247","targetHints":{"allow":["GET"]}}],"collection":[{"href":"https:\/\/laylaschmidvonarx.ovh\/index.php\/wp-json\/wp\/v2\/product"}],"about":[{"href":"https:\/\/laylaschmidvonarx.ovh\/index.php\/wp-json\/wp\/v2\/types\/product"}],"replies":[{"embeddable":true,"href":"https:\/\/laylaschmidvonarx.ovh\/index.php\/wp-json\/wp\/v2\/comments?post=247"}],"wp:featuredmedia":[{"embeddable":true,"href":"https:\/\/laylaschmidvonarx.ovh\/index.php\/wp-json\/wp\/v2\/media\/249"}],"wp:attachment":[{"href":"https:\/\/laylaschmidvonarx.ovh\/index.php\/wp-json\/wp\/v2\/media?parent=247"}],"wp:term":[{"taxonomy":"product_brand","embeddable":true,"href":"https:\/\/laylaschmidvonarx.ovh\/index.php\/wp-json\/wp\/v2\/product_brand?post=247"},{"taxonomy":"product_cat","embeddable":true,"href":"https:\/\/laylaschmidvonarx.ovh\/index.php\/wp-json\/wp\/v2\/product_cat?post=247"},{"taxonomy":"product_tag","embeddable":true,"href":"https:\/\/laylaschmidvonarx.ovh\/index.php\/wp-json\/wp\/v2\/product_tag?post=247"}],"curies":[{"name":"wp","href":"https:\/\/api.w.org\/{rel}","templated":true}]}}