{"id":245,"date":"2025-02-12T10:30:15","date_gmt":"2025-02-12T09:30:15","guid":{"rendered":"https:\/\/laylaschmidvonarx.ovh\/?post_type=product&#038;p=245"},"modified":"2025-02-12T10:30:16","modified_gmt":"2025-02-12T09:30:16","slug":"coteaux-bourguignons","status":"publish","type":"product","link":"https:\/\/laylaschmidvonarx.ovh\/index.php\/produit\/coteaux-bourguignons\/","title":{"rendered":"Coteaux Bourguignons"},"content":{"rendered":"<p data-start=\"0\" data-end=\"57\"><strong data-start=\"0\" data-end=\"47\">Coteaux Bourguignons &#8211; Fra\u00eecheur &amp; \u00c9l\u00e9gance<\/strong> (75 cl)<\/p>\n<p data-start=\"59\" data-end=\"588\">Le <strong data-start=\"62\" data-end=\"86\">Coteaux Bourguignons<\/strong> est un vin authentique de Bourgogne, fruit d\u2019une s\u00e9lection rigoureuse de c\u00e9pages issus des c\u00e9l\u00e8bres terroirs de la r\u00e9gion. Ce vin r\u00e9v\u00e8le une <strong data-start=\"228\" data-end=\"243\">robe claire<\/strong> et brillante, avec des <strong data-start=\"267\" data-end=\"285\">ar\u00f4mes fruit\u00e9s<\/strong> de cerise, de fraise et une touche subtile de <strong data-start=\"332\" data-end=\"351\">fleurs blanches<\/strong>. En bouche, il se distingue par sa <strong data-start=\"387\" data-end=\"400\">fra\u00eecheur<\/strong> et son <strong data-start=\"408\" data-end=\"421\">\u00e9quilibre<\/strong>, avec une texture souple et une belle rondeur qui fait ressortir toute la richesse de la Bourgogne. La finale est longue et harmonieuse, offrant une belle min\u00e9ralit\u00e9.<\/p>\n<p data-start=\"590\" data-end=\"781\">Id\u00e9al pour accompagner des <strong data-start=\"617\" data-end=\"633\">plats l\u00e9gers<\/strong> tels que des viandes blanches, des poissons grill\u00e9s ou des fromages frais, ce vin est \u00e9galement parfait \u00e0 partager lors d&#8217;un ap\u00e9ritif entre amis.<\/p>\n<p data-start=\"783\" data-end=\"1007\" data-is-last-node=\"\"><strong data-start=\"783\" data-end=\"811\">Temp\u00e9rature de service :<\/strong> 10-12\u00b0C<br data-start=\"819\" data-end=\"822\" \/><strong data-start=\"822\" data-end=\"847\">Accords mets &amp; vins :<\/strong> Viandes blanches, poissons grill\u00e9s, fromages frais, ap\u00e9ritif<br data-start=\"908\" data-end=\"911\" \/><strong data-start=\"911\" data-end=\"922\">Garde :<\/strong> \u00c0 d\u00e9guster jeune, dans les 2 \u00e0 3 ans suivant la r\u00e9colte pour appr\u00e9cier sa fra\u00eecheur.<\/p>\n","protected":false},"excerpt":{"rendered":"<p data-start=\"0\" data-end=\"34\"><strong data-start=\"0\" data-end=\"24\">Coteaux Bourguignons<\/strong> (75 cl)<\/p>\n<p data-start=\"36\" data-end=\"271\" data-is-last-node=\"\">Un vin frais et \u00e9quilibr\u00e9, aux <strong data-start=\"67\" data-end=\"97\">notes fruit\u00e9es et florales<\/strong>, qui refl\u00e8te l\u2019authenticit\u00e9 des terroirs de Bourgogne. Id\u00e9al pour accompagner des viandes blanches, poissons grill\u00e9s ou \u00e0 d\u00e9guster \u00e0 l&#8217;ap\u00e9ritif. <strong data-start=\"243\" data-end=\"271\" data-is-last-node=\"\">Servir entre 10 et 12\u00b0C.<\/strong><\/p>\n","protected":false},"featured_media":246,"comment_status":"open","ping_status":"closed","template":"","meta":{"site-sidebar-layout":"default","site-content-layout":"","ast-site-content-layout":"default","site-content-style":"default","site-sidebar-style":"default","ast-global-header-display":"","ast-banner-title-visibility":"","ast-main-header-display":"","ast-hfb-above-header-display":"","ast-hfb-below-header-display":"","ast-hfb-mobile-header-display":"","site-post-title":"","ast-breadcrumbs-content":"","ast-featured-img":"","footer-sml-layout":"","theme-transparent-header-meta":"default","adv-header-id-meta":"","stick-header-meta":"","header-above-stick-meta":"","header-main-stick-meta":"","header-below-stick-meta":"","astra-migrate-meta-layouts":"set","ast-page-background-enabled":"default","ast-page-background-meta":{"desktop":{"background-color":"var(--ast-global-color-5)","background-image":"","background-repeat":"repeat","background-position":"center center","background-size":"auto","background-attachment":"scroll","background-type":"","background-media":"","overlay-type":"","overlay-color":"","overlay-opacity":"","overlay-gradient":""},"tablet":{"background-color":"","background-image":"","background-repeat":"repeat","background-position":"center center","background-size":"auto","background-attachment":"scroll","background-type":"","background-media":"","overlay-type":"","overlay-color":"","overlay-opacity":"","overlay-gradient":""},"mobile":{"background-color":"","background-image":"","background-repeat":"repeat","background-position":"center center","background-size":"auto","background-attachment":"scroll","background-type":"","background-media":"","overlay-type":"","overlay-color":"","overlay-opacity":"","overlay-gradient":""}},"ast-content-background-meta":{"desktop":{"background-color":"var(--ast-global-color-4)","background-image":"","background-repeat":"repeat","background-position":"center center","background-size":"auto","background-attachment":"scroll","background-type":"","background-media":"","overlay-type":"","overlay-color":"","overlay-opacity":"","overlay-gradient":""},"tablet":{"background-color":"var(--ast-global-color-4)","background-image":"","background-repeat":"repeat","background-position":"center center","background-size":"auto","background-attachment":"scroll","background-type":"","background-media":"","overlay-type":"","overlay-color":"","overlay-opacity":"","overlay-gradient":""},"mobile":{"background-color":"var(--ast-global-color-4)","background-image":"","background-repeat":"repeat","background-position":"center center","background-size":"auto","background-attachment":"scroll","background-type":"","background-media":"","overlay-type":"","overlay-color":"","overlay-opacity":"","overlay-gradient":""}}},"product_brand":[20],"product_cat":[16],"product_tag":[],"class_list":{"0":"post-245","1":"product","2":"type-product","3":"status-publish","4":"has-post-thumbnail","6":"product_brand-arx-wine","7":"product_cat-vins-blancs","8":"desktop-align-left","9":"tablet-align-left","10":"mobile-align-left","12":"first","13":"instock","14":"shipping-taxable","15":"purchasable","16":"product-type-simple"},"yoast_head":"<!-- This site is optimized with the Yoast SEO plugin v24.4 - https:\/\/yoast.com\/wordpress\/plugins\/seo\/ -->\n<title>Coteaux Bourguignons -<\/title>\n<meta name=\"description\" content=\"D\u00e9couvrez le Coteaux Bourguignons, un vin frais et \u00e9quilibr\u00e9 aux notes fruit\u00e9es et florales, avec un subtil zest de citron. Vin de Bourgogne.\" \/>\n<meta name=\"robots\" content=\"index, follow, max-snippet:-1, max-image-preview:large, max-video-preview:-1\" \/>\n<link rel=\"canonical\" href=\"https:\/\/laylaschmidvonarx.ovh\/index.php\/produit\/coteaux-bourguignons\/\" \/>\n<meta property=\"og:locale\" content=\"en_US\" \/>\n<meta property=\"og:type\" content=\"article\" \/>\n<meta property=\"og:title\" content=\"Coteaux Bourguignons -\" \/>\n<meta property=\"og:description\" content=\"D\u00e9couvrez le Coteaux Bourguignons, un vin frais et \u00e9quilibr\u00e9 aux notes fruit\u00e9es et florales, avec un subtil zest de citron. Vin de Bourgogne.\" \/>\n<meta property=\"og:url\" content=\"https:\/\/laylaschmidvonarx.ovh\/index.php\/produit\/coteaux-bourguignons\/\" \/>\n<meta property=\"article:modified_time\" content=\"2025-02-12T09:30:16+00:00\" \/>\n<meta property=\"og:image\" content=\"http:\/\/laylaschmidvonarx.ovh\/wp-content\/uploads\/2025\/02\/Ctx.png\" \/>\n\t<meta property=\"og:image:width\" content=\"600\" \/>\n\t<meta property=\"og:image:height\" content=\"600\" \/>\n\t<meta property=\"og:image:type\" content=\"image\/png\" \/>\n<meta name=\"twitter:card\" content=\"summary_large_image\" \/>\n<meta name=\"twitter:label1\" content=\"Est. reading time\" \/>\n\t<meta name=\"twitter:data1\" content=\"1 minute\" \/>\n<script type=\"application\/ld+json\" class=\"yoast-schema-graph\">{\"@context\":\"https:\/\/schema.org\",\"@graph\":[{\"@type\":\"WebPage\",\"@id\":\"https:\/\/laylaschmidvonarx.ovh\/index.php\/produit\/coteaux-bourguignons\/\",\"url\":\"https:\/\/laylaschmidvonarx.ovh\/index.php\/produit\/coteaux-bourguignons\/\",\"name\":\"Coteaux Bourguignons -\",\"isPartOf\":{\"@id\":\"https:\/\/laylaschmidvonarx.ovh\/#website\"},\"primaryImageOfPage\":{\"@id\":\"https:\/\/laylaschmidvonarx.ovh\/index.php\/produit\/coteaux-bourguignons\/#primaryimage\"},\"image\":{\"@id\":\"https:\/\/laylaschmidvonarx.ovh\/index.php\/produit\/coteaux-bourguignons\/#primaryimage\"},\"thumbnailUrl\":\"https:\/\/laylaschmidvonarx.ovh\/wp-content\/uploads\/2025\/02\/Ctx.png\",\"datePublished\":\"2025-02-12T09:30:15+00:00\",\"dateModified\":\"2025-02-12T09:30:16+00:00\",\"description\":\"D\u00e9couvrez le Coteaux Bourguignons, un vin frais et \u00e9quilibr\u00e9 aux notes fruit\u00e9es et florales, avec un subtil zest de citron. Vin de Bourgogne.\",\"breadcrumb\":{\"@id\":\"https:\/\/laylaschmidvonarx.ovh\/index.php\/produit\/coteaux-bourguignons\/#breadcrumb\"},\"inLanguage\":\"en-US\",\"potentialAction\":[{\"@type\":\"ReadAction\",\"target\":[\"https:\/\/laylaschmidvonarx.ovh\/index.php\/produit\/coteaux-bourguignons\/\"]}]},{\"@type\":\"ImageObject\",\"inLanguage\":\"en-US\",\"@id\":\"https:\/\/laylaschmidvonarx.ovh\/index.php\/produit\/coteaux-bourguignons\/#primaryimage\",\"url\":\"https:\/\/laylaschmidvonarx.ovh\/wp-content\/uploads\/2025\/02\/Ctx.png\",\"contentUrl\":\"https:\/\/laylaschmidvonarx.ovh\/wp-content\/uploads\/2025\/02\/Ctx.png\",\"width\":600,\"height\":600},{\"@type\":\"BreadcrumbList\",\"@id\":\"https:\/\/laylaschmidvonarx.ovh\/index.php\/produit\/coteaux-bourguignons\/#breadcrumb\",\"itemListElement\":[{\"@type\":\"ListItem\",\"position\":1,\"name\":\"Accueil\",\"item\":\"https:\/\/laylaschmidvonarx.ovh\/\"},{\"@type\":\"ListItem\",\"position\":2,\"name\":\"Boutique\",\"item\":\"https:\/\/laylaschmidvonarx.ovh\/index.php\/boutique\/\"},{\"@type\":\"ListItem\",\"position\":3,\"name\":\"Coteaux Bourguignons\"}]},{\"@type\":\"WebSite\",\"@id\":\"https:\/\/laylaschmidvonarx.ovh\/#website\",\"url\":\"https:\/\/laylaschmidvonarx.ovh\/\",\"name\":\"\",\"description\":\"Vins de Bourgogne \",\"potentialAction\":[{\"@type\":\"SearchAction\",\"target\":{\"@type\":\"EntryPoint\",\"urlTemplate\":\"https:\/\/laylaschmidvonarx.ovh\/?s={search_term_string}\"},\"query-input\":{\"@type\":\"PropertyValueSpecification\",\"valueRequired\":true,\"valueName\":\"search_term_string\"}}],\"inLanguage\":\"en-US\"}]}<\/script>\n<!-- \/ Yoast SEO plugin. -->","yoast_head_json":{"title":"Coteaux Bourguignons -","description":"D\u00e9couvrez le Coteaux Bourguignons, un vin frais et \u00e9quilibr\u00e9 aux notes fruit\u00e9es et florales, avec un subtil zest de citron. Vin de Bourgogne.","robots":{"index":"index","follow":"follow","max-snippet":"max-snippet:-1","max-image-preview":"max-image-preview:large","max-video-preview":"max-video-preview:-1"},"canonical":"https:\/\/laylaschmidvonarx.ovh\/index.php\/produit\/coteaux-bourguignons\/","og_locale":"en_US","og_type":"article","og_title":"Coteaux Bourguignons -","og_description":"D\u00e9couvrez le Coteaux Bourguignons, un vin frais et \u00e9quilibr\u00e9 aux notes fruit\u00e9es et florales, avec un subtil zest de citron. Vin de Bourgogne.","og_url":"https:\/\/laylaschmidvonarx.ovh\/index.php\/produit\/coteaux-bourguignons\/","article_modified_time":"2025-02-12T09:30:16+00:00","og_image":[{"width":600,"height":600,"url":"http:\/\/laylaschmidvonarx.ovh\/wp-content\/uploads\/2025\/02\/Ctx.png","type":"image\/png"}],"twitter_card":"summary_large_image","twitter_misc":{"Est. reading time":"1 minute"},"schema":{"@context":"https:\/\/schema.org","@graph":[{"@type":"WebPage","@id":"https:\/\/laylaschmidvonarx.ovh\/index.php\/produit\/coteaux-bourguignons\/","url":"https:\/\/laylaschmidvonarx.ovh\/index.php\/produit\/coteaux-bourguignons\/","name":"Coteaux Bourguignons -","isPartOf":{"@id":"https:\/\/laylaschmidvonarx.ovh\/#website"},"primaryImageOfPage":{"@id":"https:\/\/laylaschmidvonarx.ovh\/index.php\/produit\/coteaux-bourguignons\/#primaryimage"},"image":{"@id":"https:\/\/laylaschmidvonarx.ovh\/index.php\/produit\/coteaux-bourguignons\/#primaryimage"},"thumbnailUrl":"https:\/\/laylaschmidvonarx.ovh\/wp-content\/uploads\/2025\/02\/Ctx.png","datePublished":"2025-02-12T09:30:15+00:00","dateModified":"2025-02-12T09:30:16+00:00","description":"D\u00e9couvrez le Coteaux Bourguignons, un vin frais et \u00e9quilibr\u00e9 aux notes fruit\u00e9es et florales, avec un subtil zest de citron. Vin de Bourgogne.","breadcrumb":{"@id":"https:\/\/laylaschmidvonarx.ovh\/index.php\/produit\/coteaux-bourguignons\/#breadcrumb"},"inLanguage":"en-US","potentialAction":[{"@type":"ReadAction","target":["https:\/\/laylaschmidvonarx.ovh\/index.php\/produit\/coteaux-bourguignons\/"]}]},{"@type":"ImageObject","inLanguage":"en-US","@id":"https:\/\/laylaschmidvonarx.ovh\/index.php\/produit\/coteaux-bourguignons\/#primaryimage","url":"https:\/\/laylaschmidvonarx.ovh\/wp-content\/uploads\/2025\/02\/Ctx.png","contentUrl":"https:\/\/laylaschmidvonarx.ovh\/wp-content\/uploads\/2025\/02\/Ctx.png","width":600,"height":600},{"@type":"BreadcrumbList","@id":"https:\/\/laylaschmidvonarx.ovh\/index.php\/produit\/coteaux-bourguignons\/#breadcrumb","itemListElement":[{"@type":"ListItem","position":1,"name":"Accueil","item":"https:\/\/laylaschmidvonarx.ovh\/"},{"@type":"ListItem","position":2,"name":"Boutique","item":"https:\/\/laylaschmidvonarx.ovh\/index.php\/boutique\/"},{"@type":"ListItem","position":3,"name":"Coteaux Bourguignons"}]},{"@type":"WebSite","@id":"https:\/\/laylaschmidvonarx.ovh\/#website","url":"https:\/\/laylaschmidvonarx.ovh\/","name":"","description":"Vins de Bourgogne ","potentialAction":[{"@type":"SearchAction","target":{"@type":"EntryPoint","urlTemplate":"https:\/\/laylaschmidvonarx.ovh\/?s={search_term_string}"},"query-input":{"@type":"PropertyValueSpecification","valueRequired":true,"valueName":"search_term_string"}}],"inLanguage":"en-US"}]}},"_links":{"self":[{"href":"https:\/\/laylaschmidvonarx.ovh\/index.php\/wp-json\/wp\/v2\/product\/245","targetHints":{"allow":["GET"]}}],"collection":[{"href":"https:\/\/laylaschmidvonarx.ovh\/index.php\/wp-json\/wp\/v2\/product"}],"about":[{"href":"https:\/\/laylaschmidvonarx.ovh\/index.php\/wp-json\/wp\/v2\/types\/product"}],"replies":[{"embeddable":true,"href":"https:\/\/laylaschmidvonarx.ovh\/index.php\/wp-json\/wp\/v2\/comments?post=245"}],"wp:featuredmedia":[{"embeddable":true,"href":"https:\/\/laylaschmidvonarx.ovh\/index.php\/wp-json\/wp\/v2\/media\/246"}],"wp:attachment":[{"href":"https:\/\/laylaschmidvonarx.ovh\/index.php\/wp-json\/wp\/v2\/media?parent=245"}],"wp:term":[{"taxonomy":"product_brand","embeddable":true,"href":"https:\/\/laylaschmidvonarx.ovh\/index.php\/wp-json\/wp\/v2\/product_brand?post=245"},{"taxonomy":"product_cat","embeddable":true,"href":"https:\/\/laylaschmidvonarx.ovh\/index.php\/wp-json\/wp\/v2\/product_cat?post=245"},{"taxonomy":"product_tag","embeddable":true,"href":"https:\/\/laylaschmidvonarx.ovh\/index.php\/wp-json\/wp\/v2\/product_tag?post=245"}],"curies":[{"name":"wp","href":"https:\/\/api.w.org\/{rel}","templated":true}]}}