{"id":240,"date":"2025-02-12T09:19:29","date_gmt":"2025-02-12T08:19:29","guid":{"rendered":"https:\/\/laylaschmidvonarx.ovh\/?post_type=product&#038;p=240"},"modified":"2025-02-12T09:45:30","modified_gmt":"2025-02-12T08:45:30","slug":"bourgogne-blanc","status":"publish","type":"product","link":"https:\/\/laylaschmidvonarx.ovh\/index.php\/produit\/bourgogne-blanc\/","title":{"rendered":"Bourgogne Blanc"},"content":{"rendered":"<p data-start=\"0\" data-end=\"116\"><strong data-start=\"0\" data-end=\"48\">Bourgogne Blanc &#8211; Vieilles Vignes Chardonnay<\/strong><br data-start=\"48\" data-end=\"51\" \/><em data-start=\"51\" data-end=\"114\">75 cl &#8211; Origine : Bourgogne du Sud, Parcelles situ\u00e9es \u00e0 M\u00e2con<\/em><\/p>\n<p data-start=\"118\" data-end=\"619\">Ce <strong data-start=\"121\" data-end=\"140\">Bourgogne Blanc<\/strong> issu de vieilles vignes de <strong data-start=\"168\" data-end=\"182\">Chardonnay<\/strong> exprime toute la richesse et l\u2019\u00e9l\u00e9gance du terroir de <strong data-start=\"237\" data-end=\"246\">M\u00e2con<\/strong>. Son nez subtil d\u00e9voile de d\u00e9licates <strong data-start=\"284\" data-end=\"302\">notes florales<\/strong> m\u00eal\u00e9es \u00e0 une min\u00e9ralit\u00e9 rafra\u00eechissante. En bouche, il s\u00e9duit par son <strong data-start=\"373\" data-end=\"420\">\u00e9quilibre parfait entre rondeur et vivacit\u00e9<\/strong>, offrant une belle expression du fruit avec une finale longue et harmonieuse. Id\u00e9al en accompagnement de poissons, fruits de mer ou fromages \u00e0 p\u00e2te molle, ce vin s\u2019appr\u00e9cie \u00e9galement \u00e0 l\u2019ap\u00e9ritif.<\/p>\n<p data-start=\"621\" data-end=\"758\" data-is-last-node=\"\"><strong data-start=\"621\" data-end=\"649\">Temp\u00e9rature de service :<\/strong> 10-12\u00b0C<br data-start=\"657\" data-end=\"660\" \/><strong data-start=\"660\" data-end=\"685\">Accords mets &amp; vins :<\/strong> Poissons, fruits de mer, fromages \u00e0 p\u00e2te molle<br data-start=\"732\" data-end=\"735\" \/><strong data-start=\"735\" data-end=\"746\">Garde :<\/strong> 3 \u00e0 5 ans<\/p>\n","protected":false},"excerpt":{"rendered":"<p data-start=\"0\" data-end=\"58\"><strong data-start=\"0\" data-end=\"48\">Bourgogne Blanc &#8211; Vieilles Vignes Chardonnay<\/strong> (75 cl)<\/p>\n<p data-start=\"60\" data-end=\"287\" data-is-last-node=\"\">Issu des terroirs de <strong data-start=\"81\" data-end=\"90\">M\u00e2con<\/strong>, ce <strong data-start=\"95\" data-end=\"109\">Chardonnay<\/strong> \u00e9l\u00e9gant r\u00e9v\u00e8le des <strong data-start=\"129\" data-end=\"160\">notes florales et min\u00e9rales<\/strong>. Frais et \u00e9quilibr\u00e9, il accompagne parfaitement poissons, fruits de mer et fromages \u00e0 p\u00e2te molle. <strong data-start=\"259\" data-end=\"287\" data-is-last-node=\"\">Servir entre 10 et 12\u00b0C.<\/strong><\/p>\n","protected":false},"featured_media":241,"comment_status":"open","ping_status":"closed","template":"","meta":{"site-sidebar-layout":"default","site-content-layout":"","ast-site-content-layout":"default","site-content-style":"default","site-sidebar-style":"default","ast-global-header-display":"","ast-banner-title-visibility":"","ast-main-header-display":"","ast-hfb-above-header-display":"","ast-hfb-below-header-display":"","ast-hfb-mobile-header-display":"","site-post-title":"","ast-breadcrumbs-content":"","ast-featured-img":"","footer-sml-layout":"","theme-transparent-header-meta":"default","adv-header-id-meta":"","stick-header-meta":"","header-above-stick-meta":"","header-main-stick-meta":"","header-below-stick-meta":"","astra-migrate-meta-layouts":"set","ast-page-background-enabled":"default","ast-page-background-meta":{"desktop":{"background-color":"var(--ast-global-color-5)","background-image":"","background-repeat":"repeat","background-position":"center center","background-size":"auto","background-attachment":"scroll","background-type":"","background-media":"","overlay-type":"","overlay-color":"","overlay-opacity":"","overlay-gradient":""},"tablet":{"background-color":"","background-image":"","background-repeat":"repeat","background-position":"center center","background-size":"auto","background-attachment":"scroll","background-type":"","background-media":"","overlay-type":"","overlay-color":"","overlay-opacity":"","overlay-gradient":""},"mobile":{"background-color":"","background-image":"","background-repeat":"repeat","background-position":"center center","background-size":"auto","background-attachment":"scroll","background-type":"","background-media":"","overlay-type":"","overlay-color":"","overlay-opacity":"","overlay-gradient":""}},"ast-content-background-meta":{"desktop":{"background-color":"var(--ast-global-color-4)","background-image":"","background-repeat":"repeat","background-position":"center center","background-size":"auto","background-attachment":"scroll","background-type":"","background-media":"","overlay-type":"","overlay-color":"","overlay-opacity":"","overlay-gradient":""},"tablet":{"background-color":"var(--ast-global-color-4)","background-image":"","background-repeat":"repeat","background-position":"center center","background-size":"auto","background-attachment":"scroll","background-type":"","background-media":"","overlay-type":"","overlay-color":"","overlay-opacity":"","overlay-gradient":""},"mobile":{"background-color":"var(--ast-global-color-4)","background-image":"","background-repeat":"repeat","background-position":"center center","background-size":"auto","background-attachment":"scroll","background-type":"","background-media":"","overlay-type":"","overlay-color":"","overlay-opacity":"","overlay-gradient":""}}},"product_brand":[20],"product_cat":[16],"product_tag":[],"class_list":{"0":"post-240","1":"product","2":"type-product","3":"status-publish","4":"has-post-thumbnail","6":"product_brand-arx-wine","7":"product_cat-vins-blancs","8":"desktop-align-left","9":"tablet-align-left","10":"mobile-align-left","12":"first","13":"instock","14":"shipping-taxable","15":"purchasable","16":"product-type-simple"},"yoast_head":"<!-- This site is optimized with the Yoast SEO plugin v24.4 - https:\/\/yoast.com\/wordpress\/plugins\/seo\/ -->\n<title>Bourgogne Blanc -<\/title>\n<meta name=\"description\" content=\"D\u00e9couvrez ce Bourgogne Blanc Vieilles Vignes, un Chardonnay \u00e9l\u00e9gant aux notes florales et min\u00e9rales. Vin de Bourgogne authentique \u00e9labor\u00e9 avec savoir-faire.\" \/>\n<meta name=\"robots\" content=\"index, follow, max-snippet:-1, max-image-preview:large, max-video-preview:-1\" \/>\n<link rel=\"canonical\" href=\"https:\/\/laylaschmidvonarx.ovh\/index.php\/produit\/bourgogne-blanc\/\" \/>\n<meta property=\"og:locale\" content=\"en_US\" \/>\n<meta property=\"og:type\" content=\"article\" \/>\n<meta property=\"og:title\" content=\"Bourgogne Blanc -\" \/>\n<meta property=\"og:description\" content=\"D\u00e9couvrez ce Bourgogne Blanc Vieilles Vignes, un Chardonnay \u00e9l\u00e9gant aux notes florales et min\u00e9rales. Vin de Bourgogne authentique \u00e9labor\u00e9 avec savoir-faire.\" \/>\n<meta property=\"og:url\" content=\"https:\/\/laylaschmidvonarx.ovh\/index.php\/produit\/bourgogne-blanc\/\" \/>\n<meta property=\"article:modified_time\" content=\"2025-02-12T08:45:30+00:00\" \/>\n<meta property=\"og:image\" content=\"http:\/\/laylaschmidvonarx.ovh\/wp-content\/uploads\/2025\/02\/Whiteharley.png\" \/>\n\t<meta property=\"og:image:width\" content=\"600\" \/>\n\t<meta property=\"og:image:height\" content=\"600\" \/>\n\t<meta property=\"og:image:type\" content=\"image\/png\" \/>\n<meta name=\"twitter:card\" content=\"summary_large_image\" \/>\n<meta name=\"twitter:label1\" content=\"Est. reading time\" \/>\n\t<meta name=\"twitter:data1\" content=\"1 minute\" \/>\n<script type=\"application\/ld+json\" class=\"yoast-schema-graph\">{\"@context\":\"https:\/\/schema.org\",\"@graph\":[{\"@type\":\"WebPage\",\"@id\":\"https:\/\/laylaschmidvonarx.ovh\/index.php\/produit\/bourgogne-blanc\/\",\"url\":\"https:\/\/laylaschmidvonarx.ovh\/index.php\/produit\/bourgogne-blanc\/\",\"name\":\"Bourgogne Blanc -\",\"isPartOf\":{\"@id\":\"https:\/\/laylaschmidvonarx.ovh\/#website\"},\"primaryImageOfPage\":{\"@id\":\"https:\/\/laylaschmidvonarx.ovh\/index.php\/produit\/bourgogne-blanc\/#primaryimage\"},\"image\":{\"@id\":\"https:\/\/laylaschmidvonarx.ovh\/index.php\/produit\/bourgogne-blanc\/#primaryimage\"},\"thumbnailUrl\":\"https:\/\/laylaschmidvonarx.ovh\/wp-content\/uploads\/2025\/02\/Whiteharley.png\",\"datePublished\":\"2025-02-12T08:19:29+00:00\",\"dateModified\":\"2025-02-12T08:45:30+00:00\",\"description\":\"D\u00e9couvrez ce Bourgogne Blanc Vieilles Vignes, un Chardonnay \u00e9l\u00e9gant aux notes florales et min\u00e9rales. Vin de Bourgogne authentique \u00e9labor\u00e9 avec savoir-faire.\",\"breadcrumb\":{\"@id\":\"https:\/\/laylaschmidvonarx.ovh\/index.php\/produit\/bourgogne-blanc\/#breadcrumb\"},\"inLanguage\":\"en-US\",\"potentialAction\":[{\"@type\":\"ReadAction\",\"target\":[\"https:\/\/laylaschmidvonarx.ovh\/index.php\/produit\/bourgogne-blanc\/\"]}]},{\"@type\":\"ImageObject\",\"inLanguage\":\"en-US\",\"@id\":\"https:\/\/laylaschmidvonarx.ovh\/index.php\/produit\/bourgogne-blanc\/#primaryimage\",\"url\":\"https:\/\/laylaschmidvonarx.ovh\/wp-content\/uploads\/2025\/02\/Whiteharley.png\",\"contentUrl\":\"https:\/\/laylaschmidvonarx.ovh\/wp-content\/uploads\/2025\/02\/Whiteharley.png\",\"width\":600,\"height\":600},{\"@type\":\"BreadcrumbList\",\"@id\":\"https:\/\/laylaschmidvonarx.ovh\/index.php\/produit\/bourgogne-blanc\/#breadcrumb\",\"itemListElement\":[{\"@type\":\"ListItem\",\"position\":1,\"name\":\"Accueil\",\"item\":\"https:\/\/laylaschmidvonarx.ovh\/\"},{\"@type\":\"ListItem\",\"position\":2,\"name\":\"Boutique\",\"item\":\"https:\/\/laylaschmidvonarx.ovh\/index.php\/boutique\/\"},{\"@type\":\"ListItem\",\"position\":3,\"name\":\"Bourgogne Blanc\"}]},{\"@type\":\"WebSite\",\"@id\":\"https:\/\/laylaschmidvonarx.ovh\/#website\",\"url\":\"https:\/\/laylaschmidvonarx.ovh\/\",\"name\":\"\",\"description\":\"Vins de Bourgogne \",\"potentialAction\":[{\"@type\":\"SearchAction\",\"target\":{\"@type\":\"EntryPoint\",\"urlTemplate\":\"https:\/\/laylaschmidvonarx.ovh\/?s={search_term_string}\"},\"query-input\":{\"@type\":\"PropertyValueSpecification\",\"valueRequired\":true,\"valueName\":\"search_term_string\"}}],\"inLanguage\":\"en-US\"}]}<\/script>\n<!-- \/ Yoast SEO plugin. -->","yoast_head_json":{"title":"Bourgogne Blanc -","description":"D\u00e9couvrez ce Bourgogne Blanc Vieilles Vignes, un Chardonnay \u00e9l\u00e9gant aux notes florales et min\u00e9rales. Vin de Bourgogne authentique \u00e9labor\u00e9 avec savoir-faire.","robots":{"index":"index","follow":"follow","max-snippet":"max-snippet:-1","max-image-preview":"max-image-preview:large","max-video-preview":"max-video-preview:-1"},"canonical":"https:\/\/laylaschmidvonarx.ovh\/index.php\/produit\/bourgogne-blanc\/","og_locale":"en_US","og_type":"article","og_title":"Bourgogne Blanc -","og_description":"D\u00e9couvrez ce Bourgogne Blanc Vieilles Vignes, un Chardonnay \u00e9l\u00e9gant aux notes florales et min\u00e9rales. Vin de Bourgogne authentique \u00e9labor\u00e9 avec savoir-faire.","og_url":"https:\/\/laylaschmidvonarx.ovh\/index.php\/produit\/bourgogne-blanc\/","article_modified_time":"2025-02-12T08:45:30+00:00","og_image":[{"width":600,"height":600,"url":"http:\/\/laylaschmidvonarx.ovh\/wp-content\/uploads\/2025\/02\/Whiteharley.png","type":"image\/png"}],"twitter_card":"summary_large_image","twitter_misc":{"Est. reading time":"1 minute"},"schema":{"@context":"https:\/\/schema.org","@graph":[{"@type":"WebPage","@id":"https:\/\/laylaschmidvonarx.ovh\/index.php\/produit\/bourgogne-blanc\/","url":"https:\/\/laylaschmidvonarx.ovh\/index.php\/produit\/bourgogne-blanc\/","name":"Bourgogne Blanc -","isPartOf":{"@id":"https:\/\/laylaschmidvonarx.ovh\/#website"},"primaryImageOfPage":{"@id":"https:\/\/laylaschmidvonarx.ovh\/index.php\/produit\/bourgogne-blanc\/#primaryimage"},"image":{"@id":"https:\/\/laylaschmidvonarx.ovh\/index.php\/produit\/bourgogne-blanc\/#primaryimage"},"thumbnailUrl":"https:\/\/laylaschmidvonarx.ovh\/wp-content\/uploads\/2025\/02\/Whiteharley.png","datePublished":"2025-02-12T08:19:29+00:00","dateModified":"2025-02-12T08:45:30+00:00","description":"D\u00e9couvrez ce Bourgogne Blanc Vieilles Vignes, un Chardonnay \u00e9l\u00e9gant aux notes florales et min\u00e9rales. Vin de Bourgogne authentique \u00e9labor\u00e9 avec savoir-faire.","breadcrumb":{"@id":"https:\/\/laylaschmidvonarx.ovh\/index.php\/produit\/bourgogne-blanc\/#breadcrumb"},"inLanguage":"en-US","potentialAction":[{"@type":"ReadAction","target":["https:\/\/laylaschmidvonarx.ovh\/index.php\/produit\/bourgogne-blanc\/"]}]},{"@type":"ImageObject","inLanguage":"en-US","@id":"https:\/\/laylaschmidvonarx.ovh\/index.php\/produit\/bourgogne-blanc\/#primaryimage","url":"https:\/\/laylaschmidvonarx.ovh\/wp-content\/uploads\/2025\/02\/Whiteharley.png","contentUrl":"https:\/\/laylaschmidvonarx.ovh\/wp-content\/uploads\/2025\/02\/Whiteharley.png","width":600,"height":600},{"@type":"BreadcrumbList","@id":"https:\/\/laylaschmidvonarx.ovh\/index.php\/produit\/bourgogne-blanc\/#breadcrumb","itemListElement":[{"@type":"ListItem","position":1,"name":"Accueil","item":"https:\/\/laylaschmidvonarx.ovh\/"},{"@type":"ListItem","position":2,"name":"Boutique","item":"https:\/\/laylaschmidvonarx.ovh\/index.php\/boutique\/"},{"@type":"ListItem","position":3,"name":"Bourgogne Blanc"}]},{"@type":"WebSite","@id":"https:\/\/laylaschmidvonarx.ovh\/#website","url":"https:\/\/laylaschmidvonarx.ovh\/","name":"","description":"Vins de Bourgogne ","potentialAction":[{"@type":"SearchAction","target":{"@type":"EntryPoint","urlTemplate":"https:\/\/laylaschmidvonarx.ovh\/?s={search_term_string}"},"query-input":{"@type":"PropertyValueSpecification","valueRequired":true,"valueName":"search_term_string"}}],"inLanguage":"en-US"}]}},"_links":{"self":[{"href":"https:\/\/laylaschmidvonarx.ovh\/index.php\/wp-json\/wp\/v2\/product\/240","targetHints":{"allow":["GET"]}}],"collection":[{"href":"https:\/\/laylaschmidvonarx.ovh\/index.php\/wp-json\/wp\/v2\/product"}],"about":[{"href":"https:\/\/laylaschmidvonarx.ovh\/index.php\/wp-json\/wp\/v2\/types\/product"}],"replies":[{"embeddable":true,"href":"https:\/\/laylaschmidvonarx.ovh\/index.php\/wp-json\/wp\/v2\/comments?post=240"}],"wp:featuredmedia":[{"embeddable":true,"href":"https:\/\/laylaschmidvonarx.ovh\/index.php\/wp-json\/wp\/v2\/media\/241"}],"wp:attachment":[{"href":"https:\/\/laylaschmidvonarx.ovh\/index.php\/wp-json\/wp\/v2\/media?parent=240"}],"wp:term":[{"taxonomy":"product_brand","embeddable":true,"href":"https:\/\/laylaschmidvonarx.ovh\/index.php\/wp-json\/wp\/v2\/product_brand?post=240"},{"taxonomy":"product_cat","embeddable":true,"href":"https:\/\/laylaschmidvonarx.ovh\/index.php\/wp-json\/wp\/v2\/product_cat?post=240"},{"taxonomy":"product_tag","embeddable":true,"href":"https:\/\/laylaschmidvonarx.ovh\/index.php\/wp-json\/wp\/v2\/product_tag?post=240"}],"curies":[{"name":"wp","href":"https:\/\/api.w.org\/{rel}","templated":true}]}}